{"id":74346,"date":"2025-08-28T11:45:01","date_gmt":"2025-08-28T08:45:01","guid":{"rendered":"https:\/\/freshgarbage.fi\/tuote\/ville-leinonen-valumo-alive-ii\/"},"modified":"2026-01-08T14:29:40","modified_gmt":"2026-01-08T12:29:40","slug":"ville-leinonen-valumo-alive-ii","status":"publish","type":"product","link":"https:\/\/freshgarbage.fi\/en\/product\/ville-leinonen-valumo-alive-ii\/","title":{"rendered":"Ville Leinonen &#038; Valumo \u2013 Alive II"},"content":{"rendered":"","protected":false},"excerpt":{"rendered":"<p>2LP. Alkuper\u00e4inen ja ainoa painos. Avaamaton.<\/p>\n<p>Alive II \u00e4\u00e4nitettiin 15.10.2005 Lutakossa Jyv\u00e4skyl\u00e4ss\u00e4.<\/p>\n","protected":false},"featured_media":53487,"template":"","meta":{"_acf_changed":false},"product_brand":[],"product_cat":[120],"product_tag":[],"class_list":{"0":"post-74346","1":"product","2":"type-product","3":"status-publish","4":"has-post-thumbnail","6":"product_cat-finnish","7":"pa_formaatti-lp-en","8":"pa_kaytetty-uusi-2nd-hand","10":"first","11":"instock","12":"shipping-taxable","13":"purchasable","14":"product-type-simple"},"acf":[],"_links":{"self":[{"href":"https:\/\/freshgarbage.fi\/en\/wp-json\/wp\/v2\/product\/74346","targetHints":{"allow":["GET"]}}],"collection":[{"href":"https:\/\/freshgarbage.fi\/en\/wp-json\/wp\/v2\/product"}],"about":[{"href":"https:\/\/freshgarbage.fi\/en\/wp-json\/wp\/v2\/types\/product"}],"wp:featuredmedia":[{"embeddable":true,"href":"https:\/\/freshgarbage.fi\/en\/wp-json\/wp\/v2\/media\/53487"}],"wp:attachment":[{"href":"https:\/\/freshgarbage.fi\/en\/wp-json\/wp\/v2\/media?parent=74346"}],"wp:term":[{"taxonomy":"product_brand","embeddable":true,"href":"https:\/\/freshgarbage.fi\/en\/wp-json\/wp\/v2\/product_brand?post=74346"},{"taxonomy":"product_cat","embeddable":true,"href":"https:\/\/freshgarbage.fi\/en\/wp-json\/wp\/v2\/product_cat?post=74346"},{"taxonomy":"product_tag","embeddable":true,"href":"https:\/\/freshgarbage.fi\/en\/wp-json\/wp\/v2\/product_tag?post=74346"}],"curies":[{"name":"wp","href":"https:\/\/api.w.org\/{rel}","templated":true}]}}