{"id":74264,"date":"2026-02-17T13:00:47","date_gmt":"2026-02-17T11:00:47","guid":{"rendered":"https:\/\/freshgarbage.fi\/tuote\/various-yllattavia-kohtaamisia-surprising-encounters\/"},"modified":"2026-02-21T10:00:32","modified_gmt":"2026-02-21T08:00:32","slug":"various-yllattavia-kohtaamisia-surprising-encounters","status":"publish","type":"product","link":"https:\/\/freshgarbage.fi\/en\/product\/various-yllattavia-kohtaamisia-surprising-encounters\/","title":{"rendered":"Various \u2013 Yll\u00e4tt\u00e4vi\u00e4 Kohtaamisia \/ Surprising Encounters"},"content":{"rendered":"","protected":false},"excerpt":{"rendered":"<p>Kannessa hieman tummumista. Levy soittamaton.<\/p>\n<p>A1 Can Can Heads \u2013 Hollywood Vegetarian B-B-Q 1:26<br \/>\nA2 Can Can Heads \u2013 Virginia Man 1:18<br \/>\nA3 Can Can Heads \u2013 Fall Like Nimepsis 1:19<br \/>\nA4 Can Can Heads \u2013 Earthworm Tractors 1:56<br \/>\nA5 Can Can Heads \u2013 Buy That Diamond 2:13<br \/>\nA6 Br\u00fcssel Kaupallinen \u2013 Py\u00f6r\u00e4t 3:47<br \/>\nA7 Br\u00fcssel Kaupallinen \u2013 Loistava Kylpy 2:46<br \/>\nA8 Circle \u2013 \u00d6ja 5:13<br \/>\nA9 Circle \u2013 Surroundings 5:59<br \/>\nB1 Jimi Tenor &amp; Harri Kupiainen \u2013 Last War Of The Worlds 4:14<br \/>\nB2 Jimi Tenor &amp; Can Oral \u2013 Superfrozen Venus Hillybilly 4:11<br \/>\nB3 Rastas \u2013 Lumihiutale 3:01<br \/>\nB4 Rastas \u2013 Gutro 2:00<br \/>\nB5 Rastas \u2013 Peilikuva 1:56<br \/>\nB6 Worms \u2013 There Is No Other Day 4:39<br \/>\nB7 Worms \u2013 Drown 6:44<\/p>\n","protected":false},"featured_media":81972,"template":"","meta":{"_acf_changed":false},"product_brand":[],"product_cat":[120],"product_tag":[],"class_list":{"0":"post-74264","1":"product","2":"type-product","3":"status-publish","4":"has-post-thumbnail","6":"product_cat-finnish","7":"pa_formaatti-lp-en","8":"pa_kaytetty-uusi-2nd-hand","10":"first","11":"instock","12":"shipping-taxable","13":"purchasable","14":"product-type-simple"},"acf":[],"_links":{"self":[{"href":"https:\/\/freshgarbage.fi\/en\/wp-json\/wp\/v2\/product\/74264","targetHints":{"allow":["GET"]}}],"collection":[{"href":"https:\/\/freshgarbage.fi\/en\/wp-json\/wp\/v2\/product"}],"about":[{"href":"https:\/\/freshgarbage.fi\/en\/wp-json\/wp\/v2\/types\/product"}],"wp:featuredmedia":[{"embeddable":true,"href":"https:\/\/freshgarbage.fi\/en\/wp-json\/wp\/v2\/media\/81972"}],"wp:attachment":[{"href":"https:\/\/freshgarbage.fi\/en\/wp-json\/wp\/v2\/media?parent=74264"}],"wp:term":[{"taxonomy":"product_brand","embeddable":true,"href":"https:\/\/freshgarbage.fi\/en\/wp-json\/wp\/v2\/product_brand?post=74264"},{"taxonomy":"product_cat","embeddable":true,"href":"https:\/\/freshgarbage.fi\/en\/wp-json\/wp\/v2\/product_cat?post=74264"},{"taxonomy":"product_tag","embeddable":true,"href":"https:\/\/freshgarbage.fi\/en\/wp-json\/wp\/v2\/product_tag?post=74264"}],"curies":[{"name":"wp","href":"https:\/\/api.w.org\/{rel}","templated":true}]}}