{"id":74188,"date":"2024-01-29T14:22:49","date_gmt":"2024-01-29T12:22:49","guid":{"rendered":"https:\/\/freshgarbage.fi\/tuote\/edu-kehakettunen-antaa-faijan-jornia\/"},"modified":"2024-01-29T14:22:49","modified_gmt":"2024-01-29T12:22:49","slug":"edu-kehakettunen-antaa-faijan-jornia","status":"publish","type":"product","link":"https:\/\/freshgarbage.fi\/en\/product\/edu-kehakettunen-antaa-faijan-jornia\/","title":{"rendered":"Edu Keh\u00e4kettunen \u2013 Antaa Faijan J\u00f6rni\u00e4"},"content":{"rendered":"","protected":false},"excerpt":{"rendered":"<p>A1 Esikastelu<br \/>\nA2 Intro<br \/>\nA3 Tervetuloa Olariin<br \/>\nA4 L\u00e4nsiv\u00e4yl\u00e4\u00e4<br \/>\nA5 Mun Kes\u00e4stoori<br \/>\nA6 Farkkuvaatteen Pikkutasku<br \/>\nB1 Telenovela<br \/>\nB2 Taksiuudistus<br \/>\nB3 Paikat Paskax<br \/>\nB4 Joka Ilta Kun Vapo Sammuu<br \/>\nB5 Matkustelua<br \/>\nB6 Diandra<\/p>\n","protected":false},"featured_media":10519,"template":"","meta":{"_acf_changed":false},"product_brand":[],"product_cat":[123,107],"product_tag":[],"class_list":{"0":"post-74188","1":"product","2":"type-product","3":"status-publish","4":"has-post-thumbnail","6":"product_cat-hip-hop-rap-en","7":"product_cat-new","8":"pa_formaatti-lp-en","9":"pa_kaytetty-uusi-new","11":"first","12":"instock","13":"sale","14":"taxable","15":"shipping-taxable","16":"purchasable","17":"product-type-simple"},"acf":[],"_links":{"self":[{"href":"https:\/\/freshgarbage.fi\/en\/wp-json\/wp\/v2\/product\/74188","targetHints":{"allow":["GET"]}}],"collection":[{"href":"https:\/\/freshgarbage.fi\/en\/wp-json\/wp\/v2\/product"}],"about":[{"href":"https:\/\/freshgarbage.fi\/en\/wp-json\/wp\/v2\/types\/product"}],"wp:featuredmedia":[{"embeddable":true,"href":"https:\/\/freshgarbage.fi\/en\/wp-json\/wp\/v2\/media\/10519"}],"wp:attachment":[{"href":"https:\/\/freshgarbage.fi\/en\/wp-json\/wp\/v2\/media?parent=74188"}],"wp:term":[{"taxonomy":"product_brand","embeddable":true,"href":"https:\/\/freshgarbage.fi\/en\/wp-json\/wp\/v2\/product_brand?post=74188"},{"taxonomy":"product_cat","embeddable":true,"href":"https:\/\/freshgarbage.fi\/en\/wp-json\/wp\/v2\/product_cat?post=74188"},{"taxonomy":"product_tag","embeddable":true,"href":"https:\/\/freshgarbage.fi\/en\/wp-json\/wp\/v2\/product_tag?post=74188"}],"curies":[{"name":"wp","href":"https:\/\/api.w.org\/{rel}","templated":true}]}}