{"id":74127,"date":"2024-11-22T12:00:26","date_gmt":"2024-11-22T10:00:26","guid":{"rendered":"https:\/\/freshgarbage.fi\/tuote\/ippe-nilsson-the-narrows-bros-ippe-nilsson-the-narrows-bros\/"},"modified":"2024-11-22T12:00:26","modified_gmt":"2024-11-22T10:00:26","slug":"ippe-nilsson-the-narrows-bros-ippe-nilsson-the-narrows-bros","status":"publish","type":"product","link":"https:\/\/freshgarbage.fi\/en\/product\/ippe-nilsson-the-narrows-bros-ippe-nilsson-the-narrows-bros\/","title":{"rendered":"Ippe Nilsson &#038; The Narrows Bros. \u2013 Ippe Nilsson &#038; The Narrows Bros."},"content":{"rendered":"","protected":false},"excerpt":{"rendered":"<p>Omakustanne. Painos 300 kpl. B\u00e4ndin j\u00e4senet tuttuja mm. P\u00f6ll\u00f6t ja Sammal yhtyeist\u00e4.<\/p>\n","protected":false},"featured_media":21597,"template":"","meta":{"_acf_changed":false},"product_brand":[],"product_cat":[120,107],"product_tag":[],"class_list":{"0":"post-74127","1":"product","2":"type-product","3":"status-publish","4":"has-post-thumbnail","6":"product_cat-finnish","7":"product_cat-new","8":"pa_formaatti-lp-en","9":"pa_kaytetty-uusi-new","11":"first","12":"instock","13":"taxable","14":"shipping-taxable","15":"purchasable","16":"product-type-simple"},"acf":[],"_links":{"self":[{"href":"https:\/\/freshgarbage.fi\/en\/wp-json\/wp\/v2\/product\/74127","targetHints":{"allow":["GET"]}}],"collection":[{"href":"https:\/\/freshgarbage.fi\/en\/wp-json\/wp\/v2\/product"}],"about":[{"href":"https:\/\/freshgarbage.fi\/en\/wp-json\/wp\/v2\/types\/product"}],"wp:featuredmedia":[{"embeddable":true,"href":"https:\/\/freshgarbage.fi\/en\/wp-json\/wp\/v2\/media\/21597"}],"wp:attachment":[{"href":"https:\/\/freshgarbage.fi\/en\/wp-json\/wp\/v2\/media?parent=74127"}],"wp:term":[{"taxonomy":"product_brand","embeddable":true,"href":"https:\/\/freshgarbage.fi\/en\/wp-json\/wp\/v2\/product_brand?post=74127"},{"taxonomy":"product_cat","embeddable":true,"href":"https:\/\/freshgarbage.fi\/en\/wp-json\/wp\/v2\/product_cat?post=74127"},{"taxonomy":"product_tag","embeddable":true,"href":"https:\/\/freshgarbage.fi\/en\/wp-json\/wp\/v2\/product_tag?post=74127"}],"curies":[{"name":"wp","href":"https:\/\/api.w.org\/{rel}","templated":true}]}}