{"id":74071,"date":"2024-12-10T13:19:41","date_gmt":"2024-12-10T11:19:41","guid":{"rendered":"https:\/\/freshgarbage.fi\/tuote\/joni-ekman-group-joni-ekman-group\/"},"modified":"2024-12-10T13:19:41","modified_gmt":"2024-12-10T11:19:41","slug":"joni-ekman-group-joni-ekman-group","status":"publish","type":"product","link":"https:\/\/freshgarbage.fi\/en\/product\/joni-ekman-group-joni-ekman-group\/","title":{"rendered":"Joni Ekman Group \u2013 Joni Ekman Group"},"content":{"rendered":"","protected":false},"excerpt":{"rendered":"<p>Joni Ekman Groupin debyyttilevy julkaistiin 29.11.2024. R\u00e4j\u00e4ht\u00e4v\u00e4\u00e4 rokkaamista, herkk\u00e4\u00e4 tunnelmointia ja kaikkea silt\u00e4 v\u00e4lilt\u00e4. Uusia s\u00e4vyj\u00e4 l\u00f6ytyy niin musiikissa kuin teksteiss\u00e4kin. Valmistaudu rakastumaan!<\/p>\n<p>Biisilista:<\/p>\n<p>En katso taakseni<br \/>\nBeibi, mua pelottaa<br \/>\nRakastat kes\u00e4\u00e4<br \/>\nEi pilata hetke\u00e4 puhumalla<br \/>\nJ.E.G.<br \/>\nTulevaisuus<br \/>\nKuumaa hiekkaa<br \/>\nUsko huomiseen<\/p>\n","protected":false},"featured_media":27582,"template":"","meta":{"_acf_changed":false},"product_brand":[],"product_cat":[120,107],"product_tag":[],"class_list":{"0":"post-74071","1":"product","2":"type-product","3":"status-publish","4":"has-post-thumbnail","6":"product_cat-finnish","7":"product_cat-new","8":"pa_formaatti-lp-en","9":"pa_kaytetty-uusi-new","11":"first","12":"instock","13":"taxable","14":"shipping-taxable","15":"purchasable","16":"product-type-simple"},"acf":[],"_links":{"self":[{"href":"https:\/\/freshgarbage.fi\/en\/wp-json\/wp\/v2\/product\/74071","targetHints":{"allow":["GET"]}}],"collection":[{"href":"https:\/\/freshgarbage.fi\/en\/wp-json\/wp\/v2\/product"}],"about":[{"href":"https:\/\/freshgarbage.fi\/en\/wp-json\/wp\/v2\/types\/product"}],"wp:featuredmedia":[{"embeddable":true,"href":"https:\/\/freshgarbage.fi\/en\/wp-json\/wp\/v2\/media\/27582"}],"wp:attachment":[{"href":"https:\/\/freshgarbage.fi\/en\/wp-json\/wp\/v2\/media?parent=74071"}],"wp:term":[{"taxonomy":"product_brand","embeddable":true,"href":"https:\/\/freshgarbage.fi\/en\/wp-json\/wp\/v2\/product_brand?post=74071"},{"taxonomy":"product_cat","embeddable":true,"href":"https:\/\/freshgarbage.fi\/en\/wp-json\/wp\/v2\/product_cat?post=74071"},{"taxonomy":"product_tag","embeddable":true,"href":"https:\/\/freshgarbage.fi\/en\/wp-json\/wp\/v2\/product_tag?post=74071"}],"curies":[{"name":"wp","href":"https:\/\/api.w.org\/{rel}","templated":true}]}}