{"id":74069,"date":"2024-12-12T11:47:30","date_gmt":"2024-12-12T09:47:30","guid":{"rendered":"https:\/\/freshgarbage.fi\/tuote\/woude-singles-1979-1985\/"},"modified":"2024-12-12T11:47:30","modified_gmt":"2024-12-12T09:47:30","slug":"woude-singles-1979-1985","status":"publish","type":"product","link":"https:\/\/freshgarbage.fi\/en\/product\/woude-singles-1979-1985\/","title":{"rendered":"Woude \u2013 Singles 1979-1985"},"content":{"rendered":"","protected":false},"excerpt":{"rendered":"<p>A<br \/>\nKaupungin Y\u00f6t<br \/>\nSatoi<br \/>\nOn Kes\u00e4 Vasta Alussa<br \/>\nKaupunki<br \/>\nKeskell\u00e4 Aikaa<br \/>\nUskot S\u00e4kin Taikaan<br \/>\nTyt\u00f6t<br \/>\nT\u00e4n\u00e4\u00e4n On Kuin Eilen<\/p>\n<p>B<br \/>\nKuin Lentohiekkaan<br \/>\nKuka Uskoo Aurinkoon?<br \/>\nAika Hyv\u00e4 Ihmiseksi<br \/>\nVuodet Vierii<br \/>\nTeksasin Pojat<br \/>\nT\u00e4n\u00e4 Syyskuun Y\u00f6n\u00e4<br \/>\nVanhat Pierut Ei Koskaan Kuole<br \/>\nSuoraa Toimintaa<\/p>\n","protected":false},"featured_media":27638,"template":"","meta":{"_acf_changed":false},"product_brand":[],"product_cat":[120,107],"product_tag":[],"class_list":{"0":"post-74069","1":"product","2":"type-product","3":"status-publish","4":"has-post-thumbnail","6":"product_cat-finnish","7":"product_cat-new","8":"pa_formaatti-lp-en","9":"pa_kaytetty-uusi-new","11":"first","12":"instock","13":"taxable","14":"shipping-taxable","15":"purchasable","16":"product-type-simple"},"acf":[],"_links":{"self":[{"href":"https:\/\/freshgarbage.fi\/en\/wp-json\/wp\/v2\/product\/74069","targetHints":{"allow":["GET"]}}],"collection":[{"href":"https:\/\/freshgarbage.fi\/en\/wp-json\/wp\/v2\/product"}],"about":[{"href":"https:\/\/freshgarbage.fi\/en\/wp-json\/wp\/v2\/types\/product"}],"wp:featuredmedia":[{"embeddable":true,"href":"https:\/\/freshgarbage.fi\/en\/wp-json\/wp\/v2\/media\/27638"}],"wp:attachment":[{"href":"https:\/\/freshgarbage.fi\/en\/wp-json\/wp\/v2\/media?parent=74069"}],"wp:term":[{"taxonomy":"product_brand","embeddable":true,"href":"https:\/\/freshgarbage.fi\/en\/wp-json\/wp\/v2\/product_brand?post=74069"},{"taxonomy":"product_cat","embeddable":true,"href":"https:\/\/freshgarbage.fi\/en\/wp-json\/wp\/v2\/product_cat?post=74069"},{"taxonomy":"product_tag","embeddable":true,"href":"https:\/\/freshgarbage.fi\/en\/wp-json\/wp\/v2\/product_tag?post=74069"}],"curies":[{"name":"wp","href":"https:\/\/api.w.org\/{rel}","templated":true}]}}