{"id":74028,"date":"2025-02-24T14:00:13","date_gmt":"2025-02-24T12:00:13","guid":{"rendered":"https:\/\/freshgarbage.fi\/tuote\/ultra-bra-vapaaherran-elamaa\/"},"modified":"2025-02-24T14:00:13","modified_gmt":"2025-02-24T12:00:13","slug":"ultra-bra-vapaaherran-elamaa","status":"publish","type":"product","link":"https:\/\/freshgarbage.fi\/en\/product\/ultra-bra-vapaaherran-elamaa\/","title":{"rendered":"Ultra Bra \u2013 Vapaaherran el\u00e4m\u00e4\u00e4"},"content":{"rendered":"","protected":false},"excerpt":{"rendered":"<p><span lang=\"FI\">Gatefold + 4-sivuinen vinyylikokoinen insert\/booklet<\/span>.<\/p>\n<p>A1 Nainen, Joka El\u00e4\u00e4 Vapaaherran El\u00e4m\u00e4\u00e4 3:03<br \/>\nA2 Naispaholainen 3:51<br \/>\nA3 S\u00e4keit\u00e4 Erwin Rommelille 3:25<br \/>\nA4 Ken Saro-Wiwa On Kuollut 2:13<br \/>\nA5 Pikku Kissa 3:06<br \/>\nA6 Kahdeksanvuotiaana 3:47<br \/>\nA7 Moskova 2:49<\/p>\n<p>B1 Helsinki 3:05<br \/>\nB2 Ent\u00e4s Nyt? 3:30<br \/>\nB3 Sankaritar 3:41<br \/>\nB4 Tel Aviv, Tel Aviv 3:45<br \/>\nB5 Kuka Haluaa? 2:06<br \/>\nB6 Veturi, Taksi, Valtamerilaiva 2:29<br \/>\nB7 Laulu Asioista 3:17<\/p>\n","protected":false},"featured_media":22081,"template":"","meta":{"_acf_changed":false},"product_brand":[],"product_cat":[120,107],"product_tag":[],"class_list":{"0":"post-74028","1":"product","2":"type-product","3":"status-publish","4":"has-post-thumbnail","6":"product_cat-finnish","7":"product_cat-new","8":"pa_formaatti-lp-en","9":"pa_kaytetty-uusi-new","11":"first","12":"instock","13":"taxable","14":"shipping-taxable","15":"purchasable","16":"product-type-simple"},"acf":[],"_links":{"self":[{"href":"https:\/\/freshgarbage.fi\/en\/wp-json\/wp\/v2\/product\/74028","targetHints":{"allow":["GET"]}}],"collection":[{"href":"https:\/\/freshgarbage.fi\/en\/wp-json\/wp\/v2\/product"}],"about":[{"href":"https:\/\/freshgarbage.fi\/en\/wp-json\/wp\/v2\/types\/product"}],"wp:featuredmedia":[{"embeddable":true,"href":"https:\/\/freshgarbage.fi\/en\/wp-json\/wp\/v2\/media\/22081"}],"wp:attachment":[{"href":"https:\/\/freshgarbage.fi\/en\/wp-json\/wp\/v2\/media?parent=74028"}],"wp:term":[{"taxonomy":"product_brand","embeddable":true,"href":"https:\/\/freshgarbage.fi\/en\/wp-json\/wp\/v2\/product_brand?post=74028"},{"taxonomy":"product_cat","embeddable":true,"href":"https:\/\/freshgarbage.fi\/en\/wp-json\/wp\/v2\/product_cat?post=74028"},{"taxonomy":"product_tag","embeddable":true,"href":"https:\/\/freshgarbage.fi\/en\/wp-json\/wp\/v2\/product_tag?post=74028"}],"curies":[{"name":"wp","href":"https:\/\/api.w.org\/{rel}","templated":true}]}}