{"id":74015,"date":"2025-03-14T15:14:27","date_gmt":"2025-03-14T13:14:27","guid":{"rendered":"https:\/\/freshgarbage.fi\/tuote\/iisa-hardcore\/"},"modified":"2025-03-14T15:14:27","modified_gmt":"2025-03-14T13:14:27","slug":"iisa-hardcore","status":"publish","type":"product","link":"https:\/\/freshgarbage.fi\/en\/product\/iisa-hardcore\/","title":{"rendered":"Iisa \u2013 Hardcore"},"content":{"rendered":"","protected":false},"excerpt":{"rendered":"<p>A1 Hardcore 3:09<br \/>\nA2 Pitk\u00e4t Hyv\u00e4stit 3:22<br \/>\nA3 Muistolaulu 2:35<br \/>\nA4 Mik\u00e4\u00e4n Ei Riit\u00e4 3:40<br \/>\nA5 Hevoset 2:49<br \/>\nB1 T\u00e4\u00e4 Voi Tuntuu 2:46<br \/>\nB2 El\u00e4m\u00e4 On Meri 3:48<br \/>\nB3 Suhun M\u00e4 Uskon Aina 3:15<br \/>\nB4 P\u00e4iv\u00e4\u00e4k\u00e4\u00e4n Ei El\u00e4m\u00e4tt\u00e4 J\u00e4\u00e4 2:49<\/p>\n","protected":false},"featured_media":31913,"template":"","meta":{"_acf_changed":false},"product_brand":[],"product_cat":[120,107],"product_tag":[],"class_list":{"0":"post-74015","1":"product","2":"type-product","3":"status-publish","4":"has-post-thumbnail","6":"product_cat-finnish","7":"product_cat-new","8":"pa_formaatti-lp-en","9":"pa_kaytetty-uusi-new","11":"first","12":"instock","13":"taxable","14":"shipping-taxable","15":"purchasable","16":"product-type-simple"},"acf":[],"_links":{"self":[{"href":"https:\/\/freshgarbage.fi\/en\/wp-json\/wp\/v2\/product\/74015","targetHints":{"allow":["GET"]}}],"collection":[{"href":"https:\/\/freshgarbage.fi\/en\/wp-json\/wp\/v2\/product"}],"about":[{"href":"https:\/\/freshgarbage.fi\/en\/wp-json\/wp\/v2\/types\/product"}],"wp:featuredmedia":[{"embeddable":true,"href":"https:\/\/freshgarbage.fi\/en\/wp-json\/wp\/v2\/media\/31913"}],"wp:attachment":[{"href":"https:\/\/freshgarbage.fi\/en\/wp-json\/wp\/v2\/media?parent=74015"}],"wp:term":[{"taxonomy":"product_brand","embeddable":true,"href":"https:\/\/freshgarbage.fi\/en\/wp-json\/wp\/v2\/product_brand?post=74015"},{"taxonomy":"product_cat","embeddable":true,"href":"https:\/\/freshgarbage.fi\/en\/wp-json\/wp\/v2\/product_cat?post=74015"},{"taxonomy":"product_tag","embeddable":true,"href":"https:\/\/freshgarbage.fi\/en\/wp-json\/wp\/v2\/product_tag?post=74015"}],"curies":[{"name":"wp","href":"https:\/\/api.w.org\/{rel}","templated":true}]}}