{"id":74013,"date":"2025-03-14T15:15:11","date_gmt":"2025-03-14T13:15:11","guid":{"rendered":"https:\/\/freshgarbage.fi\/tuote\/rock-siltanen-moog-musiikkia-taaperoille-ja-miksei-muillekin\/"},"modified":"2025-03-14T15:15:11","modified_gmt":"2025-03-14T13:15:11","slug":"rock-siltanen-moog-musiikkia-taaperoille-ja-miksei-muillekin","status":"publish","type":"product","link":"https:\/\/freshgarbage.fi\/en\/product\/rock-siltanen-moog-musiikkia-taaperoille-ja-miksei-muillekin\/","title":{"rendered":"Rock Siltanen \u2013 Moog-musiikkia taaperoille&#8230; ja miksei muillekin"},"content":{"rendered":"","protected":false},"excerpt":{"rendered":"<p>\u201cMoog-musiikkia taaperoille\u2026 ja miksei muillekin\u201d on Moog Minimoog -syntetisaattorilla s\u00e4velletty, sovitettu ja soitettu levy, eik\u00e4 sen tekemisess\u00e4 ole k\u00e4ytetty mit\u00e4\u00e4n muita instrumentteja. Temaattisen albumin kappaleet k\u00e4sittelev\u00e4t taaperoik\u00e4isen lapsen p\u00e4ivitt\u00e4ist\u00e4 el\u00e4m\u00e4\u00e4 ja fiiliksi\u00e4, mutta my\u00f6s i\u00e4kk\u00e4\u00e4mm\u00e4t kuulijat voivat l\u00f6yt\u00e4\u00e4 niist\u00e4 samaistumisen kohteita.<\/p>\n<p>A-puoli<br \/>\nHyv\u00e4\u00e4 huomenta!<br \/>\nAamupuuro<br \/>\nChillailua hiekkalaatikolla<br \/>\nNelj\u00e4 annosta makaronilaatikkoa<br \/>\nP\u00e4iv\u00e4unet 2<\/p>\n<p>B-puoli<br \/>\nPyllyst\u00e4 p\u00f6r\u00e4ht\u00e4\u00e4 pieru<br \/>\nKuralammikko<br \/>\nHammas puhkeaa<br \/>\nPaha harmitus<br \/>\nIltapuuro<br \/>\nKauniita unia<\/p>\n<p>https:\/\/www.youtube.com\/watch?v=5QiiJmlLTrU<\/p>\n","protected":false},"featured_media":31875,"template":"","meta":{"_acf_changed":false},"product_brand":[],"product_cat":[120,107],"product_tag":[],"class_list":{"0":"post-74013","1":"product","2":"type-product","3":"status-publish","4":"has-post-thumbnail","6":"product_cat-finnish","7":"product_cat-new","8":"pa_formaatti-lp-en","9":"pa_kaytetty-uusi-new","11":"first","12":"instock","13":"taxable","14":"shipping-taxable","15":"purchasable","16":"product-type-simple"},"acf":[],"_links":{"self":[{"href":"https:\/\/freshgarbage.fi\/en\/wp-json\/wp\/v2\/product\/74013","targetHints":{"allow":["GET"]}}],"collection":[{"href":"https:\/\/freshgarbage.fi\/en\/wp-json\/wp\/v2\/product"}],"about":[{"href":"https:\/\/freshgarbage.fi\/en\/wp-json\/wp\/v2\/types\/product"}],"wp:featuredmedia":[{"embeddable":true,"href":"https:\/\/freshgarbage.fi\/en\/wp-json\/wp\/v2\/media\/31875"}],"wp:attachment":[{"href":"https:\/\/freshgarbage.fi\/en\/wp-json\/wp\/v2\/media?parent=74013"}],"wp:term":[{"taxonomy":"product_brand","embeddable":true,"href":"https:\/\/freshgarbage.fi\/en\/wp-json\/wp\/v2\/product_brand?post=74013"},{"taxonomy":"product_cat","embeddable":true,"href":"https:\/\/freshgarbage.fi\/en\/wp-json\/wp\/v2\/product_cat?post=74013"},{"taxonomy":"product_tag","embeddable":true,"href":"https:\/\/freshgarbage.fi\/en\/wp-json\/wp\/v2\/product_tag?post=74013"}],"curies":[{"name":"wp","href":"https:\/\/api.w.org\/{rel}","templated":true}]}}