{"id":74012,"date":"2025-03-20T13:00:00","date_gmt":"2025-03-20T11:00:00","guid":{"rendered":"https:\/\/freshgarbage.fi\/tuote\/lala-salama-miltahan-me-naytettais-yhdessa-keltainen\/"},"modified":"2026-04-09T15:17:19","modified_gmt":"2026-04-09T12:17:19","slug":"lala-salama-miltahan-me-naytettais-yhdessa-keltainen","status":"publish","type":"product","link":"https:\/\/freshgarbage.fi\/en\/product\/lala-salama-miltahan-me-naytettais-yhdessa-keltainen\/","title":{"rendered":"Lala Salama \u2013 Milt\u00e4h\u00e4n me n\u00e4ytett\u00e4is yhdess\u00e4 (keltainen)"},"content":{"rendered":"","protected":false},"excerpt":{"rendered":"<p>Keltainen levy.<\/p>\n<p>Helsinkil\u00e4inen indieyhtye Lala Salama julkaisee perjantaina 21. maaliskuuta odotetun debyyttialbuminsa. Albumista julkaistaan kaksi rajoitettua v\u00e4rivinyyli\u00e4painosta, keltainen ja violetti, joita kumpaistakin on tehty vain 150 kappaletta. \u2028\u2028Milt\u00e4h\u00e4n me n\u00e4ytett\u00e4is yhdess\u00e4 -albumia on pohjustettu jo kolmella singlell\u00e4: kes\u00e4n 2023 shoegaze-hitill\u00e4 Summer Love ja tunteikkaalla Aurinko sulattaa mun p\u00e4\u00e4n ja alkuvuonna 2025 julkaistulla melankolisella singell\u00e4 Kuva susta.<\/p>\n<p>Lala Salama on noussut nopeasti yhdeksi Suomen lupaavimmista indieyhtyeist\u00e4. Debyyttialbumin ensimm\u00e4inen single Summer Love julkaistiin vuonna 2023, ja se nousi heti kansainv\u00e4liseen huomioon. Single oli Hype Machine -listan k\u00e4rjess\u00e4 ja Radio Helsingin vuoden nelj\u00e4nneksi soitetuin kappale. Brittil\u00e4inen Clash Magazine ylisti kappaleen olevan \u201cultra-catchy shoegaze anthem\u201d.<\/p>\n<p>Toinen single Aurinko sulattaa mun p\u00e4\u00e4n jatkoi menestyst\u00e4 yhdist\u00e4en suomalaisen melankolian dreampopiin, shoegazen ja jopa punkin elementteihin. Kappale sai kiitosta rehellisyydest\u00e4\u00e4n ja siit\u00e4, miten se kuvasi unohtamisen ja muistamisen ristiriitaa.\u2028\u2028Kolmas single Kuva susta on soinut aiempien singlejen tapaan taajaan Radio Helsingiss\u00e4 ja YLEX:ss\u00e4, voittipa single Radio Suomen Levylautakunnankin.<\/p>\n<p>Lala Salaman muodostavat laulaja ja kitaristi Rosa Jules sek\u00e4 Bad Sauna -yhtyeest\u00e4kin tutut rumpali Aliisa Ker\u00e4nen ja basisti Santeri Hyt\u00f6nen. Yhtye on kotimaan lis\u00e4ksi keikkaillut my\u00f6s Ruotsissa, jossa se on jo ehtinyt esiinty\u00e4 S\u00f6dermalmin sis\u00e4spihoilla j\u00e4rjestetyss\u00e4 Release Festivalissa sek\u00e4 yhdess\u00e4 Markus Kruneg\u00e5rdin kanssa S\u00f6dra Teaternissa. Laulaja-kitaristi Rosa Jules soittaa nyky\u00e4\u00e4n my\u00f6s ruotsinsuomalaisen Kruneg\u00e5rdin yhtyeess\u00e4.<\/p>\n<p>Side A<br \/>\n1. Intro<br \/>\n2. Aurinko sulattaa mun p\u00e4\u00e4n<br \/>\n3. Miten voin tiet\u00e4\u00e4 mit\u00e4 el\u00e4m\u00e4lt\u00e4 haluan, jos en edes tied\u00e4 mit\u00e4 haluan aamupalaksi<br \/>\n4. Tunteista puhuminen on vaikeaa<br \/>\n5. Sun<br \/>\nSide B<br \/>\n1. Summer Love<br \/>\n2. Luulin, ett\u00e4 mulla on kaikki hyvin<br \/>\n3. Kuva susta<br \/>\n4. Lupaa mulle huominen<br \/>\n5. (Vinyl bonus track)<\/p>\n","protected":false},"featured_media":30090,"template":"","meta":{"_acf_changed":false},"product_brand":[],"product_cat":[120,107],"product_tag":[],"class_list":{"0":"post-74012","1":"product","2":"type-product","3":"status-publish","4":"has-post-thumbnail","6":"product_cat-finnish","7":"product_cat-new","8":"pa_formaatti-lp-en","9":"pa_kaytetty-uusi-new","11":"first","12":"instock","13":"taxable","14":"shipping-taxable","15":"purchasable","16":"product-type-simple"},"acf":[],"_links":{"self":[{"href":"https:\/\/freshgarbage.fi\/en\/wp-json\/wp\/v2\/product\/74012","targetHints":{"allow":["GET"]}}],"collection":[{"href":"https:\/\/freshgarbage.fi\/en\/wp-json\/wp\/v2\/product"}],"about":[{"href":"https:\/\/freshgarbage.fi\/en\/wp-json\/wp\/v2\/types\/product"}],"wp:featuredmedia":[{"embeddable":true,"href":"https:\/\/freshgarbage.fi\/en\/wp-json\/wp\/v2\/media\/30090"}],"wp:attachment":[{"href":"https:\/\/freshgarbage.fi\/en\/wp-json\/wp\/v2\/media?parent=74012"}],"wp:term":[{"taxonomy":"product_brand","embeddable":true,"href":"https:\/\/freshgarbage.fi\/en\/wp-json\/wp\/v2\/product_brand?post=74012"},{"taxonomy":"product_cat","embeddable":true,"href":"https:\/\/freshgarbage.fi\/en\/wp-json\/wp\/v2\/product_cat?post=74012"},{"taxonomy":"product_tag","embeddable":true,"href":"https:\/\/freshgarbage.fi\/en\/wp-json\/wp\/v2\/product_tag?post=74012"}],"curies":[{"name":"wp","href":"https:\/\/api.w.org\/{rel}","templated":true}]}}