{"id":73985,"date":"2025-10-03T11:19:09","date_gmt":"2025-10-03T08:19:09","guid":{"rendered":"https:\/\/freshgarbage.fi\/tuote\/sweet-jeena-and-her-sweethearts-rocknroll-picnic\/"},"modified":"2025-10-03T11:19:09","modified_gmt":"2025-10-03T08:19:09","slug":"sweet-jeena-and-her-sweethearts-rocknroll-picnic","status":"publish","type":"product","link":"https:\/\/freshgarbage.fi\/en\/product\/sweet-jeena-and-her-sweethearts-rocknroll-picnic\/","title":{"rendered":"Sweet Jeena And Her Sweethearts \u2013 Rock&#8217;n&#8217;Roll Picnic"},"content":{"rendered":"","protected":false},"excerpt":{"rendered":"<p>Kannessa hieman aaltoilua, joka lienee syntynyt kutistuneesta suojamuovista joka sittemmin poistettu. Mit\u00e4\u00e4n merkkej\u00e4 kosteusvaurioista ei ole.<\/p>\n","protected":false},"featured_media":56233,"template":"","meta":{"_acf_changed":false},"product_brand":[],"product_cat":[120],"product_tag":[],"class_list":{"0":"post-73985","1":"product","2":"type-product","3":"status-publish","4":"has-post-thumbnail","6":"product_cat-finnish","7":"pa_formaatti-lp-en","8":"pa_kaytetty-uusi-2nd-hand","10":"first","11":"instock","12":"shipping-taxable","13":"purchasable","14":"product-type-simple"},"acf":[],"_links":{"self":[{"href":"https:\/\/freshgarbage.fi\/en\/wp-json\/wp\/v2\/product\/73985","targetHints":{"allow":["GET"]}}],"collection":[{"href":"https:\/\/freshgarbage.fi\/en\/wp-json\/wp\/v2\/product"}],"about":[{"href":"https:\/\/freshgarbage.fi\/en\/wp-json\/wp\/v2\/types\/product"}],"wp:featuredmedia":[{"embeddable":true,"href":"https:\/\/freshgarbage.fi\/en\/wp-json\/wp\/v2\/media\/56233"}],"wp:attachment":[{"href":"https:\/\/freshgarbage.fi\/en\/wp-json\/wp\/v2\/media?parent=73985"}],"wp:term":[{"taxonomy":"product_brand","embeddable":true,"href":"https:\/\/freshgarbage.fi\/en\/wp-json\/wp\/v2\/product_brand?post=73985"},{"taxonomy":"product_cat","embeddable":true,"href":"https:\/\/freshgarbage.fi\/en\/wp-json\/wp\/v2\/product_cat?post=73985"},{"taxonomy":"product_tag","embeddable":true,"href":"https:\/\/freshgarbage.fi\/en\/wp-json\/wp\/v2\/product_tag?post=73985"}],"curies":[{"name":"wp","href":"https:\/\/api.w.org\/{rel}","templated":true}]}}