{"id":73965,"date":"2025-10-21T11:45:06","date_gmt":"2025-10-21T08:45:06","guid":{"rendered":"https:\/\/freshgarbage.fi\/tuote\/rauli-badding-somerjoki-lauluja-rakastamisen-vaikeudesta\/"},"modified":"2025-10-21T11:45:06","modified_gmt":"2025-10-21T08:45:06","slug":"rauli-badding-somerjoki-lauluja-rakastamisen-vaikeudesta","status":"publish","type":"product","link":"https:\/\/freshgarbage.fi\/en\/product\/rauli-badding-somerjoki-lauluja-rakastamisen-vaikeudesta\/","title":{"rendered":"Rauli Badding Somerjoki \u2013 Lauluja Rakastamisen Vaikeudesta"},"content":{"rendered":"","protected":false},"excerpt":{"rendered":"<p>Kokoelma. Pient\u00e4 hintalappu j\u00e4lke\u00e4 ja yleist\u00e4 kulumaa.<\/p>\n<p>A1 Paratiisi 2:38<br \/>\nA2 Valot 3:08<br \/>\nA3 Ikkunaprinsessa 2:33<br \/>\nA4 Aamu\u00f6iseen Sateeseen 2:52<br \/>\nA5 Pilvet Karkaa, Niin Min\u00e4kin 2:40<br \/>\nA6 Y\u00f6n Hiljaisuudessa 2:35<br \/>\nA7 Kuin Ei Niin Ei 2:52<br \/>\nB1 Kaunis Maailma 2:12<br \/>\nB2 M\u00e4 Haluan Sun 2:56<br \/>\nB3 Salainen Rakkaus 3:57<br \/>\nB4 Painu Pois 1:52<br \/>\nB5 Paras Haihtua Vaan 2:31<br \/>\nB6 Haaveisiin Vaipunut 2:17<br \/>\nB7 Kuihtuu Kes\u00e4inen Maa 3:01<\/p>\n","protected":false},"featured_media":57404,"template":"","meta":{"_acf_changed":false},"product_brand":[],"product_cat":[120],"product_tag":[],"class_list":{"0":"post-73965","1":"product","2":"type-product","3":"status-publish","4":"has-post-thumbnail","6":"product_cat-finnish","7":"pa_formaatti-lp-en","8":"pa_kaytetty-uusi-2nd-hand","10":"first","11":"instock","12":"shipping-taxable","13":"purchasable","14":"product-type-simple"},"acf":[],"_links":{"self":[{"href":"https:\/\/freshgarbage.fi\/en\/wp-json\/wp\/v2\/product\/73965","targetHints":{"allow":["GET"]}}],"collection":[{"href":"https:\/\/freshgarbage.fi\/en\/wp-json\/wp\/v2\/product"}],"about":[{"href":"https:\/\/freshgarbage.fi\/en\/wp-json\/wp\/v2\/types\/product"}],"wp:featuredmedia":[{"embeddable":true,"href":"https:\/\/freshgarbage.fi\/en\/wp-json\/wp\/v2\/media\/57404"}],"wp:attachment":[{"href":"https:\/\/freshgarbage.fi\/en\/wp-json\/wp\/v2\/media?parent=73965"}],"wp:term":[{"taxonomy":"product_brand","embeddable":true,"href":"https:\/\/freshgarbage.fi\/en\/wp-json\/wp\/v2\/product_brand?post=73965"},{"taxonomy":"product_cat","embeddable":true,"href":"https:\/\/freshgarbage.fi\/en\/wp-json\/wp\/v2\/product_cat?post=73965"},{"taxonomy":"product_tag","embeddable":true,"href":"https:\/\/freshgarbage.fi\/en\/wp-json\/wp\/v2\/product_tag?post=73965"}],"curies":[{"name":"wp","href":"https:\/\/api.w.org\/{rel}","templated":true}]}}