{"id":73937,"date":"2025-10-23T11:45:16","date_gmt":"2025-10-23T08:45:16","guid":{"rendered":"https:\/\/freshgarbage.fi\/tuote\/juice-leskinen-slam-juice-leskinen-slam\/"},"modified":"2025-10-23T11:45:16","modified_gmt":"2025-10-23T08:45:16","slug":"juice-leskinen-slam-juice-leskinen-slam","status":"publish","type":"product","link":"https:\/\/freshgarbage.fi\/en\/product\/juice-leskinen-slam-juice-leskinen-slam\/","title":{"rendered":"Juice Leskinen Slam \u2013 Juice Leskinen Slam"},"content":{"rendered":"","protected":false},"excerpt":{"rendered":"<p>Pient\u00e4 reunakulumaa yms. Levyiss\u00e4 kevytt\u00e4 j\u00e4lke\u00e4, soivat hyvin.<\/p>\n<p>A1 Hauho 2:45<br \/>\nA2 Alabama, Arizona, Alaska Ja Utah 2:50<br \/>\nA3 Kalevi Ja Reiska, Orimattila 2:15<br \/>\nA4 J\u00e4minkipohja Boogie 2:53<br \/>\nA5 Hittej\u00e4 Ja Idoleita 2:40<br \/>\nA6 Jumalaut M\u00e4 Oon Out 4:40<br \/>\nB1 Pid\u00e4 Vakan Alla Kynttil\u00e4\u00e4 2:55<br \/>\nB2 Kiskoilla Maaten 2:55<br \/>\nB3 Rock Loppuu Kuin Sein\u00e4\u00e4n 1:55<br \/>\nB4 Slam Slam Slam 3:30<br \/>\nB5 Tanssimaa 4:50<br \/>\nB6 Lauloin Miehen Maisemaan 3:50<\/p>\n<p>C1 Viidestoista Y\u00f6 4:09<br \/>\nC2 Pieni Kalmistosarja 4:28<br \/>\nC3 Haetarirock 3:20<br \/>\nC4 Edestakaisin 3:17<br \/>\nC5 Outoon Valoon 3:14<br \/>\nD1 Ei El\u00e4m\u00e4st\u00e4 Selvi\u00e4 Hengiss\u00e4 2:27<br \/>\nD2 Mene Kotiin 2:59<br \/>\nD3 Mies, Joka Rakastaa Itse\u00e4\u00e4n 2:56<br \/>\nD4 Eks\u00e4 Pese Sit\u00e4 Koskaan 4:51<br \/>\nD5 Naisellinen Nainen 2:57<br \/>\nD6 Rock&#8217;n Roll&#8217;n Blues&#8217;n Jazz 3:12<\/p>\n","protected":false},"featured_media":57679,"template":"","meta":{"_acf_changed":false},"product_brand":[],"product_cat":[120],"product_tag":[],"class_list":{"0":"post-73937","1":"product","2":"type-product","3":"status-publish","4":"has-post-thumbnail","6":"product_cat-finnish","7":"pa_formaatti-lp-en","8":"pa_kaytetty-uusi-2nd-hand","10":"first","11":"instock","12":"shipping-taxable","13":"purchasable","14":"product-type-simple"},"acf":[],"_links":{"self":[{"href":"https:\/\/freshgarbage.fi\/en\/wp-json\/wp\/v2\/product\/73937","targetHints":{"allow":["GET"]}}],"collection":[{"href":"https:\/\/freshgarbage.fi\/en\/wp-json\/wp\/v2\/product"}],"about":[{"href":"https:\/\/freshgarbage.fi\/en\/wp-json\/wp\/v2\/types\/product"}],"wp:featuredmedia":[{"embeddable":true,"href":"https:\/\/freshgarbage.fi\/en\/wp-json\/wp\/v2\/media\/57679"}],"wp:attachment":[{"href":"https:\/\/freshgarbage.fi\/en\/wp-json\/wp\/v2\/media?parent=73937"}],"wp:term":[{"taxonomy":"product_brand","embeddable":true,"href":"https:\/\/freshgarbage.fi\/en\/wp-json\/wp\/v2\/product_brand?post=73937"},{"taxonomy":"product_cat","embeddable":true,"href":"https:\/\/freshgarbage.fi\/en\/wp-json\/wp\/v2\/product_cat?post=73937"},{"taxonomy":"product_tag","embeddable":true,"href":"https:\/\/freshgarbage.fi\/en\/wp-json\/wp\/v2\/product_tag?post=73937"}],"curies":[{"name":"wp","href":"https:\/\/api.w.org\/{rel}","templated":true}]}}