{"id":73856,"date":"2025-10-30T11:44:08","date_gmt":"2025-10-30T09:44:08","guid":{"rendered":"https:\/\/freshgarbage.fi\/tuote\/mikko-perkoila-koira-tapaa-tuttujaan\/"},"modified":"2025-10-30T11:44:08","modified_gmt":"2025-10-30T09:44:08","slug":"mikko-perkoila-koira-tapaa-tuttujaan","status":"publish","type":"product","link":"https:\/\/freshgarbage.fi\/en\/product\/mikko-perkoila-koira-tapaa-tuttujaan\/","title":{"rendered":"Mikko Perkoila \u2013 Koira Tapaa Tuttujaan"},"content":{"rendered":"","protected":false},"excerpt":{"rendered":"<p>80-luvun painos.<\/p>\n<p>Levyss\u00e4 kevytt\u00e4 pintaj\u00e4lke\u00e4, mutta soi hienosti.<\/p>\n","protected":false},"featured_media":58252,"template":"","meta":{"_acf_changed":false},"product_brand":[],"product_cat":[120],"product_tag":[],"class_list":{"0":"post-73856","1":"product","2":"type-product","3":"status-publish","4":"has-post-thumbnail","6":"product_cat-finnish","7":"pa_formaatti-lp-en","8":"pa_kaytetty-uusi-2nd-hand","10":"first","11":"instock","12":"shipping-taxable","13":"purchasable","14":"product-type-simple"},"acf":[],"_links":{"self":[{"href":"https:\/\/freshgarbage.fi\/en\/wp-json\/wp\/v2\/product\/73856","targetHints":{"allow":["GET"]}}],"collection":[{"href":"https:\/\/freshgarbage.fi\/en\/wp-json\/wp\/v2\/product"}],"about":[{"href":"https:\/\/freshgarbage.fi\/en\/wp-json\/wp\/v2\/types\/product"}],"wp:featuredmedia":[{"embeddable":true,"href":"https:\/\/freshgarbage.fi\/en\/wp-json\/wp\/v2\/media\/58252"}],"wp:attachment":[{"href":"https:\/\/freshgarbage.fi\/en\/wp-json\/wp\/v2\/media?parent=73856"}],"wp:term":[{"taxonomy":"product_brand","embeddable":true,"href":"https:\/\/freshgarbage.fi\/en\/wp-json\/wp\/v2\/product_brand?post=73856"},{"taxonomy":"product_cat","embeddable":true,"href":"https:\/\/freshgarbage.fi\/en\/wp-json\/wp\/v2\/product_cat?post=73856"},{"taxonomy":"product_tag","embeddable":true,"href":"https:\/\/freshgarbage.fi\/en\/wp-json\/wp\/v2\/product_tag?post=73856"}],"curies":[{"name":"wp","href":"https:\/\/api.w.org\/{rel}","templated":true}]}}