{"id":73750,"date":"2024-07-31T12:00:12","date_gmt":"2024-07-31T09:00:12","guid":{"rendered":"https:\/\/freshgarbage.fi\/tuote\/freddie-gibbs-madlib-thuggin-ep\/"},"modified":"2024-07-31T12:00:12","modified_gmt":"2024-07-31T09:00:12","slug":"freddie-gibbs-madlib-thuggin-ep","status":"publish","type":"product","link":"https:\/\/freshgarbage.fi\/en\/product\/freddie-gibbs-madlib-thuggin-ep\/","title":{"rendered":"Freddie Gibbs &#038; Madlib \u2013 Thuggin&#8217; EP"},"content":{"rendered":"","protected":false},"excerpt":{"rendered":"<p>Virhepainos, jossa &#8220;Freddie Gibbs&#8221; on kannessa muodossa &#8220;Freddy Gibbs&#8221;. Noin 200:ssa ensimm\u00e4isess\u00e4 tuhannen kappaleen painoksesta t\u00e4m\u00e4 painovirhe.<\/p>\n<p>A1 Thuggin&#8217; (Vocal) 3:22<br \/>\nA2 Thuggin&#8217; (Instrumental) 3:22<br \/>\nA3 Riot Call (Bonus Beat) 3:05<br \/>\nB1 Deep (Vocal) 2:05<br \/>\nB2 Deep (Instrumental) 2:05<br \/>\nB3 Cold On The Blvd (Bonus Beats) 1:20<\/p>\n","protected":false},"featured_media":20018,"template":"","meta":{"_acf_changed":false},"product_brand":[],"product_cat":[123],"product_tag":[],"class_list":{"0":"post-73750","1":"product","2":"type-product","3":"status-publish","4":"has-post-thumbnail","6":"product_cat-hip-hop-rap-en","7":"pa_formaatti-12-en","8":"pa_kaytetty-uusi-2nd-hand","10":"first","11":"instock","12":"shipping-taxable","13":"purchasable","14":"product-type-simple"},"acf":[],"_links":{"self":[{"href":"https:\/\/freshgarbage.fi\/en\/wp-json\/wp\/v2\/product\/73750","targetHints":{"allow":["GET"]}}],"collection":[{"href":"https:\/\/freshgarbage.fi\/en\/wp-json\/wp\/v2\/product"}],"about":[{"href":"https:\/\/freshgarbage.fi\/en\/wp-json\/wp\/v2\/types\/product"}],"wp:featuredmedia":[{"embeddable":true,"href":"https:\/\/freshgarbage.fi\/en\/wp-json\/wp\/v2\/media\/20018"}],"wp:attachment":[{"href":"https:\/\/freshgarbage.fi\/en\/wp-json\/wp\/v2\/media?parent=73750"}],"wp:term":[{"taxonomy":"product_brand","embeddable":true,"href":"https:\/\/freshgarbage.fi\/en\/wp-json\/wp\/v2\/product_brand?post=73750"},{"taxonomy":"product_cat","embeddable":true,"href":"https:\/\/freshgarbage.fi\/en\/wp-json\/wp\/v2\/product_cat?post=73750"},{"taxonomy":"product_tag","embeddable":true,"href":"https:\/\/freshgarbage.fi\/en\/wp-json\/wp\/v2\/product_tag?post=73750"}],"curies":[{"name":"wp","href":"https:\/\/api.w.org\/{rel}","templated":true}]}}