{"id":73740,"date":"2023-12-19T10:59:48","date_gmt":"2023-12-19T08:59:48","guid":{"rendered":"https:\/\/freshgarbage.fi\/tuote\/spooky-tooth-pierre-henry-ceremony-an-electronic-mass\/"},"modified":"2023-12-19T10:59:48","modified_gmt":"2023-12-19T08:59:48","slug":"spooky-tooth-pierre-henry-ceremony-an-electronic-mass","status":"publish","type":"product","link":"https:\/\/freshgarbage.fi\/en\/product\/spooky-tooth-pierre-henry-ceremony-an-electronic-mass\/","title":{"rendered":"Spooky Tooth \/ Pierre Henry \u2013 Ceremony: An Electronic Mass"},"content":{"rendered":"","protected":false},"excerpt":{"rendered":"<p>UK-ensipainos. Levyss\u00e4 hentoja hiusj\u00e4lki\u00e4 ja kevytt\u00e4 hankaumaa. Kannessa haalistumaa ja hieman ringwearia.<\/p>\n","protected":false},"featured_media":7616,"template":"","meta":{"_acf_changed":false},"product_brand":[],"product_cat":[126,113],"product_tag":[],"class_list":{"0":"post-73740","1":"product","2":"type-product","3":"status-publish","4":"has-post-thumbnail","6":"product_cat-experimental-ambient-noise-contemporary-classical","7":"product_cat-progressive-rock-krautrock-en","8":"pa_formaatti-lp-en","9":"pa_kaytetty-uusi-2nd-hand","11":"first","12":"instock","13":"shipping-taxable","14":"purchasable","15":"product-type-simple"},"acf":[],"_links":{"self":[{"href":"https:\/\/freshgarbage.fi\/en\/wp-json\/wp\/v2\/product\/73740","targetHints":{"allow":["GET"]}}],"collection":[{"href":"https:\/\/freshgarbage.fi\/en\/wp-json\/wp\/v2\/product"}],"about":[{"href":"https:\/\/freshgarbage.fi\/en\/wp-json\/wp\/v2\/types\/product"}],"wp:featuredmedia":[{"embeddable":true,"href":"https:\/\/freshgarbage.fi\/en\/wp-json\/wp\/v2\/media\/7616"}],"wp:attachment":[{"href":"https:\/\/freshgarbage.fi\/en\/wp-json\/wp\/v2\/media?parent=73740"}],"wp:term":[{"taxonomy":"product_brand","embeddable":true,"href":"https:\/\/freshgarbage.fi\/en\/wp-json\/wp\/v2\/product_brand?post=73740"},{"taxonomy":"product_cat","embeddable":true,"href":"https:\/\/freshgarbage.fi\/en\/wp-json\/wp\/v2\/product_cat?post=73740"},{"taxonomy":"product_tag","embeddable":true,"href":"https:\/\/freshgarbage.fi\/en\/wp-json\/wp\/v2\/product_tag?post=73740"}],"curies":[{"name":"wp","href":"https:\/\/api.w.org\/{rel}","templated":true}]}}