{"id":73599,"date":"2024-02-07T11:59:27","date_gmt":"2024-02-07T09:59:27","guid":{"rendered":"https:\/\/freshgarbage.fi\/tuote\/it-viaje\/"},"modified":"2024-02-07T11:59:27","modified_gmt":"2024-02-07T09:59:27","slug":"it-viaje","status":"publish","type":"product","link":"https:\/\/freshgarbage.fi\/en\/product\/it-viaje\/","title":{"rendered":"It \u2013 Viaje"},"content":{"rendered":"","protected":false},"excerpt":{"rendered":"<p>Varhainen Espanja-painos. Levyss\u00e4 jonkin verran ihan n\u00e4kyv\u00e4\u00e4 pintaj\u00e4lke\u00e4, mutta soi eritt\u00e4in hienosti ja kirkkaasti. Joku yksitt\u00e4inen kevyt napsu saattoi olla.<\/p>\n","protected":false},"featured_media":11183,"template":"","meta":{"_acf_changed":false},"product_brand":[],"product_cat":[126],"product_tag":[],"class_list":{"0":"post-73599","1":"product","2":"type-product","3":"status-publish","4":"has-post-thumbnail","6":"product_cat-experimental-ambient-noise-contemporary-classical","7":"pa_formaatti-lp-en","8":"pa_kaytetty-uusi-2nd-hand","10":"first","11":"instock","12":"shipping-taxable","13":"purchasable","14":"product-type-simple"},"acf":[],"_links":{"self":[{"href":"https:\/\/freshgarbage.fi\/en\/wp-json\/wp\/v2\/product\/73599","targetHints":{"allow":["GET"]}}],"collection":[{"href":"https:\/\/freshgarbage.fi\/en\/wp-json\/wp\/v2\/product"}],"about":[{"href":"https:\/\/freshgarbage.fi\/en\/wp-json\/wp\/v2\/types\/product"}],"wp:featuredmedia":[{"embeddable":true,"href":"https:\/\/freshgarbage.fi\/en\/wp-json\/wp\/v2\/media\/11183"}],"wp:attachment":[{"href":"https:\/\/freshgarbage.fi\/en\/wp-json\/wp\/v2\/media?parent=73599"}],"wp:term":[{"taxonomy":"product_brand","embeddable":true,"href":"https:\/\/freshgarbage.fi\/en\/wp-json\/wp\/v2\/product_brand?post=73599"},{"taxonomy":"product_cat","embeddable":true,"href":"https:\/\/freshgarbage.fi\/en\/wp-json\/wp\/v2\/product_cat?post=73599"},{"taxonomy":"product_tag","embeddable":true,"href":"https:\/\/freshgarbage.fi\/en\/wp-json\/wp\/v2\/product_tag?post=73599"}],"curies":[{"name":"wp","href":"https:\/\/api.w.org\/{rel}","templated":true}]}}