{"id":73531,"date":"2023-12-13T12:59:38","date_gmt":"2023-12-13T10:59:38","guid":{"rendered":"https:\/\/freshgarbage.fi\/tuote\/paul-messis-case-closed\/"},"modified":"2026-01-08T14:19:52","modified_gmt":"2026-01-08T12:19:52","slug":"paul-messis-case-closed","status":"publish","type":"product","link":"https:\/\/freshgarbage.fi\/en\/product\/paul-messis-case-closed\/","title":{"rendered":"Paul Messis \u2013 Case Closed"},"content":{"rendered":"","protected":false},"excerpt":{"rendered":"<p>Sis\u00e4lt\u00e4\u00e4 numeroidun (089\/100) ja nimmaroidun liitteen.<\/p>\n","protected":false},"featured_media":7228,"template":"","meta":{"_acf_changed":false},"product_brand":[],"product_cat":[130],"product_tag":[],"class_list":{"0":"post-73531","1":"product","2":"type-product","3":"status-publish","4":"has-post-thumbnail","6":"product_cat-alternative-indie-rock","7":"pa_formaatti-lp-en","8":"pa_kaytetty-uusi-2nd-hand","10":"first","11":"instock","12":"shipping-taxable","13":"purchasable","14":"product-type-simple"},"acf":[],"_links":{"self":[{"href":"https:\/\/freshgarbage.fi\/en\/wp-json\/wp\/v2\/product\/73531","targetHints":{"allow":["GET"]}}],"collection":[{"href":"https:\/\/freshgarbage.fi\/en\/wp-json\/wp\/v2\/product"}],"about":[{"href":"https:\/\/freshgarbage.fi\/en\/wp-json\/wp\/v2\/types\/product"}],"wp:featuredmedia":[{"embeddable":true,"href":"https:\/\/freshgarbage.fi\/en\/wp-json\/wp\/v2\/media\/7228"}],"wp:attachment":[{"href":"https:\/\/freshgarbage.fi\/en\/wp-json\/wp\/v2\/media?parent=73531"}],"wp:term":[{"taxonomy":"product_brand","embeddable":true,"href":"https:\/\/freshgarbage.fi\/en\/wp-json\/wp\/v2\/product_brand?post=73531"},{"taxonomy":"product_cat","embeddable":true,"href":"https:\/\/freshgarbage.fi\/en\/wp-json\/wp\/v2\/product_cat?post=73531"},{"taxonomy":"product_tag","embeddable":true,"href":"https:\/\/freshgarbage.fi\/en\/wp-json\/wp\/v2\/product_tag?post=73531"}],"curies":[{"name":"wp","href":"https:\/\/api.w.org\/{rel}","templated":true}]}}