{"id":73516,"date":"2024-09-30T16:00:54","date_gmt":"2024-09-30T13:00:54","guid":{"rendered":"https:\/\/freshgarbage.fi\/tuote\/various-fresh-from-finland-nows-the-time-vol-4-best-of-suomi-jazz\/"},"modified":"2024-09-30T16:00:54","modified_gmt":"2024-09-30T13:00:54","slug":"various-fresh-from-finland-nows-the-time-vol-4-best-of-suomi-jazz","status":"publish","type":"product","link":"https:\/\/freshgarbage.fi\/en\/product\/various-fresh-from-finland-nows-the-time-vol-4-best-of-suomi-jazz\/","title":{"rendered":"Various \u2013 Fresh From Finland &#8211; Now&#8217;s The Time | Vol.4 Best Of Suomi Jazz"},"content":{"rendered":"","protected":false},"excerpt":{"rendered":"<p>A1 Umo Jazz Orchestra \u2013 En Ut 4:57<br \/>\nA2 JAF Trio \u2013 Dark Sparkle 5:13<br \/>\nA3 Plop \u2013 Emu 3:20<br \/>\nA4 Kahden Miehen Galaksi \u2013 Lookout For Schrapnels, Charlie Brown 4:31<br \/>\nB1 Superposition \u2013 Bilawal 6:49<br \/>\nB2 Emma Salokoski, Ilmiliekki Quartet \u2013 Zigenerskan 4:38<br \/>\nB3 Mikko Innanen Autonomus \u2013 XXIA 2:55<\/p>\n<p>C1 Hot Heros + Iro Haarla \u2013 Niin On Kehto Tyhjill\u00e4\u00e4n 7:00<br \/>\nC2 Riitta Paakki \u2013 Garag 4:57<br \/>\nC3 Halme Prospekt \u2013 Blues For Allah Part II 9:37<br \/>\nD1 Quartet Ajaton \u2013 Waka Wanha W\u00e4in\u00e4m\u00f6inen 5:27<br \/>\nD2 Juhani Aaltonen &amp; Iro Haarla \u2013 Long Sole Sound 6:06<br \/>\nD3 Kari Ikonen \u2013 Imprologue 1:23<\/p>\n","protected":false},"featured_media":23617,"template":"","meta":{"_acf_changed":false},"product_brand":[],"product_cat":[120,122,107],"product_tag":[],"class_list":{"0":"post-73516","1":"product","2":"type-product","3":"status-publish","4":"has-post-thumbnail","6":"product_cat-finnish","7":"product_cat-jazz-fusion-en","8":"product_cat-new","9":"pa_formaatti-lp-en","10":"pa_kaytetty-uusi-new","12":"first","13":"instock","14":"taxable","15":"shipping-taxable","16":"purchasable","17":"product-type-simple"},"acf":[],"_links":{"self":[{"href":"https:\/\/freshgarbage.fi\/en\/wp-json\/wp\/v2\/product\/73516","targetHints":{"allow":["GET"]}}],"collection":[{"href":"https:\/\/freshgarbage.fi\/en\/wp-json\/wp\/v2\/product"}],"about":[{"href":"https:\/\/freshgarbage.fi\/en\/wp-json\/wp\/v2\/types\/product"}],"wp:featuredmedia":[{"embeddable":true,"href":"https:\/\/freshgarbage.fi\/en\/wp-json\/wp\/v2\/media\/23617"}],"wp:attachment":[{"href":"https:\/\/freshgarbage.fi\/en\/wp-json\/wp\/v2\/media?parent=73516"}],"wp:term":[{"taxonomy":"product_brand","embeddable":true,"href":"https:\/\/freshgarbage.fi\/en\/wp-json\/wp\/v2\/product_brand?post=73516"},{"taxonomy":"product_cat","embeddable":true,"href":"https:\/\/freshgarbage.fi\/en\/wp-json\/wp\/v2\/product_cat?post=73516"},{"taxonomy":"product_tag","embeddable":true,"href":"https:\/\/freshgarbage.fi\/en\/wp-json\/wp\/v2\/product_tag?post=73516"}],"curies":[{"name":"wp","href":"https:\/\/api.w.org\/{rel}","templated":true}]}}