{"id":72904,"date":"2024-03-22T16:00:52","date_gmt":"2024-03-22T14:00:52","guid":{"rendered":"https:\/\/freshgarbage.fi\/tuote\/jesus-mary-chain-glasgow-eyes\/"},"modified":"2026-01-08T14:18:25","modified_gmt":"2026-01-08T12:18:25","slug":"jesus-mary-chain-glasgow-eyes","status":"publish","type":"product","link":"https:\/\/freshgarbage.fi\/en\/product\/jesus-mary-chain-glasgow-eyes\/","title":{"rendered":"Jesus &#038; Mary Chain \u2013 Glasgow Eyes"},"content":{"rendered":"","protected":false},"excerpt":{"rendered":"<p>L\u00e4pin\u00e4kyv\u00e4 punainen levy.<\/p>\n<p>Marking 40 years of The Jesus And Mary Chain, &#8216;Glasgow Eyes&#8217; was recorded at Mogwai&#8217;s Castle of Doom studio in Glasgow, where Jim and William continued the creative process that resulted in their previous album, 2017&#8217;s &#8216;Damage and Joy&#8217;, becoming their highest charting album in over twenty years. What emerged is a record that finds one of the UK&#8217;s most influential groups embracing a productive second chapter, their maelstrom of melody, feedback and controlled chaos now informed more audibly by their love for Suicide and Kraftwerk and a fresh appreciation of the less disciplined attitudes found in jazz.<\/p>\n<p>Jim Reid says, &#8220;But don&#8217;t expect &#8216;the Mary Chain goes jazz.&#8217; People should expect a Jesus and Mary Chain record, and that&#8217;s certainly what &#8216;Glasgow Eyes&#8217; is. Our creative approach is remarkably the same as it was in 1984, just hit the studio and see what happens. We went in with a bunch of songs and let it take its course. There are no rules, you just do whatever it takes. And there&#8217;s a telepathy there &#8211; we are those weird not-quite twins that finish each other&#8217;s sentences.&#8221; &#8216;Glasgow Eyes&#8217; not only extends The Jesus and Mary Chain&#8217;s story, but feels simultaneously like a return to roots. From the incendiary &#8216;Psychocandy&#8217; debut and its classic &#8216;Just Like Honey&#8217; onwards, the Reid brothers steadily became the misfits who made good without compromise.<\/p>\n","protected":false},"featured_media":12016,"template":"","meta":{"_acf_changed":false},"product_brand":[],"product_cat":[130,107],"product_tag":[],"class_list":{"0":"post-72904","1":"product","2":"type-product","3":"status-publish","4":"has-post-thumbnail","6":"product_cat-alternative-indie-rock","7":"product_cat-new","8":"pa_formaatti-lp-en","9":"pa_kaytetty-uusi-new","11":"first","12":"instock","13":"taxable","14":"shipping-taxable","15":"purchasable","16":"product-type-simple"},"acf":[],"_links":{"self":[{"href":"https:\/\/freshgarbage.fi\/en\/wp-json\/wp\/v2\/product\/72904","targetHints":{"allow":["GET"]}}],"collection":[{"href":"https:\/\/freshgarbage.fi\/en\/wp-json\/wp\/v2\/product"}],"about":[{"href":"https:\/\/freshgarbage.fi\/en\/wp-json\/wp\/v2\/types\/product"}],"wp:featuredmedia":[{"embeddable":true,"href":"https:\/\/freshgarbage.fi\/en\/wp-json\/wp\/v2\/media\/12016"}],"wp:attachment":[{"href":"https:\/\/freshgarbage.fi\/en\/wp-json\/wp\/v2\/media?parent=72904"}],"wp:term":[{"taxonomy":"product_brand","embeddable":true,"href":"https:\/\/freshgarbage.fi\/en\/wp-json\/wp\/v2\/product_brand?post=72904"},{"taxonomy":"product_cat","embeddable":true,"href":"https:\/\/freshgarbage.fi\/en\/wp-json\/wp\/v2\/product_cat?post=72904"},{"taxonomy":"product_tag","embeddable":true,"href":"https:\/\/freshgarbage.fi\/en\/wp-json\/wp\/v2\/product_tag?post=72904"}],"curies":[{"name":"wp","href":"https:\/\/api.w.org\/{rel}","templated":true}]}}