{"id":72900,"date":"2025-03-18T11:35:42","date_gmt":"2025-03-18T09:35:42","guid":{"rendered":"https:\/\/freshgarbage.fi\/tuote\/szakcsi-lakatos-bela-ablakos-lakatos-dezso-hosszu-forro-nyar-gabor-s-pal-dalai\/"},"modified":"2026-01-08T14:14:41","modified_gmt":"2026-01-08T12:14:41","slug":"szakcsi-lakatos-bela-ablakos-lakatos-dezso-hosszu-forro-nyar-gabor-s-pal-dalai","status":"publish","type":"product","link":"https:\/\/freshgarbage.fi\/en\/product\/szakcsi-lakatos-bela-ablakos-lakatos-dezso-hosszu-forro-nyar-gabor-s-pal-dalai\/","title":{"rendered":"Szakcsi Lakatos B\u00e9la, Ablakos Lakatos Dezs\u0151 \u2013 Hossz\u00fa, Forr\u00f3 Ny\u00e1r (G\u00e1bor S. P\u00e1l Dalai)"},"content":{"rendered":"","protected":false},"excerpt":{"rendered":"","protected":false},"featured_media":31977,"template":"","meta":{"_acf_changed":false},"product_brand":[],"product_cat":[122],"product_tag":[],"class_list":{"0":"post-72900","1":"product","2":"type-product","3":"status-publish","4":"has-post-thumbnail","6":"product_cat-jazz-fusion-en","7":"pa_formaatti-lp-en","8":"pa_kaytetty-uusi-2nd-hand","10":"first","11":"instock","12":"shipping-taxable","13":"purchasable","14":"product-type-simple"},"acf":[],"_links":{"self":[{"href":"https:\/\/freshgarbage.fi\/en\/wp-json\/wp\/v2\/product\/72900","targetHints":{"allow":["GET"]}}],"collection":[{"href":"https:\/\/freshgarbage.fi\/en\/wp-json\/wp\/v2\/product"}],"about":[{"href":"https:\/\/freshgarbage.fi\/en\/wp-json\/wp\/v2\/types\/product"}],"wp:featuredmedia":[{"embeddable":true,"href":"https:\/\/freshgarbage.fi\/en\/wp-json\/wp\/v2\/media\/31977"}],"wp:attachment":[{"href":"https:\/\/freshgarbage.fi\/en\/wp-json\/wp\/v2\/media?parent=72900"}],"wp:term":[{"taxonomy":"product_brand","embeddable":true,"href":"https:\/\/freshgarbage.fi\/en\/wp-json\/wp\/v2\/product_brand?post=72900"},{"taxonomy":"product_cat","embeddable":true,"href":"https:\/\/freshgarbage.fi\/en\/wp-json\/wp\/v2\/product_cat?post=72900"},{"taxonomy":"product_tag","embeddable":true,"href":"https:\/\/freshgarbage.fi\/en\/wp-json\/wp\/v2\/product_tag?post=72900"}],"curies":[{"name":"wp","href":"https:\/\/api.w.org\/{rel}","templated":true}]}}