{"id":72579,"date":"2025-04-23T11:55:46","date_gmt":"2025-04-23T08:55:46","guid":{"rendered":"https:\/\/freshgarbage.fi\/tuote\/various-on-the-spot-vol-2-a-peek-at-the-60s-danish-jazz-scene\/"},"modified":"2026-01-08T14:13:08","modified_gmt":"2026-01-08T12:13:08","slug":"various-on-the-spot-vol-2-a-peek-at-the-60s-danish-jazz-scene","status":"publish","type":"product","link":"https:\/\/freshgarbage.fi\/en\/product\/various-on-the-spot-vol-2-a-peek-at-the-60s-danish-jazz-scene\/","title":{"rendered":"Various \u2013 On The Spot Vol. 2 &#8211; A Peek At The 60s Danish Jazz Scene"},"content":{"rendered":"","protected":false},"excerpt":{"rendered":"<p>Heiver\u00f6ist\u00e4 pintaj\u00e4lke\u00e4, soi hienosti.<\/p>\n<p>A1 Jazz Kvintet 60 \u2013 Vacker Flickor<br \/>\nA2 Finn Mickelborg&#8217;s Quintet \u2013 Bennie&#8217;s Groove<br \/>\nA3 Erik Moseholm, Bent Axen &amp; Peter Wissing \u2013 Hilsen Fra Peter<br \/>\nA4 Finn Savery \u2013 Night And Day<br \/>\nA5 Louis Hjulmand Quartet \u2013 Opbrud<br \/>\nA6 Bent Jaedig \u2013 B&#8217;s Waltz<br \/>\nB1 Max Leth \u2013 Taboo<br \/>\nB2 Cy, Maia &amp; Robert \u2013 City Blues<br \/>\nB3 Sahib Shihab \u2013 Charade<br \/>\nB4 Bjarne Rostvold \u2013 Folk Music<br \/>\nB5 Pedro Biker \u2013 Wives And Lovers<\/p>\n","protected":false},"featured_media":33580,"template":"","meta":{"_acf_changed":false},"product_brand":[],"product_cat":[122],"product_tag":[],"class_list":{"0":"post-72579","1":"product","2":"type-product","3":"status-publish","4":"has-post-thumbnail","6":"product_cat-jazz-fusion-en","7":"pa_formaatti-lp-en","8":"pa_kaytetty-uusi-2nd-hand","10":"first","11":"instock","12":"shipping-taxable","13":"purchasable","14":"product-type-simple"},"acf":[],"_links":{"self":[{"href":"https:\/\/freshgarbage.fi\/en\/wp-json\/wp\/v2\/product\/72579","targetHints":{"allow":["GET"]}}],"collection":[{"href":"https:\/\/freshgarbage.fi\/en\/wp-json\/wp\/v2\/product"}],"about":[{"href":"https:\/\/freshgarbage.fi\/en\/wp-json\/wp\/v2\/types\/product"}],"wp:featuredmedia":[{"embeddable":true,"href":"https:\/\/freshgarbage.fi\/en\/wp-json\/wp\/v2\/media\/33580"}],"wp:attachment":[{"href":"https:\/\/freshgarbage.fi\/en\/wp-json\/wp\/v2\/media?parent=72579"}],"wp:term":[{"taxonomy":"product_brand","embeddable":true,"href":"https:\/\/freshgarbage.fi\/en\/wp-json\/wp\/v2\/product_brand?post=72579"},{"taxonomy":"product_cat","embeddable":true,"href":"https:\/\/freshgarbage.fi\/en\/wp-json\/wp\/v2\/product_cat?post=72579"},{"taxonomy":"product_tag","embeddable":true,"href":"https:\/\/freshgarbage.fi\/en\/wp-json\/wp\/v2\/product_tag?post=72579"}],"curies":[{"name":"wp","href":"https:\/\/api.w.org\/{rel}","templated":true}]}}