{"id":72566,"date":"2025-04-24T10:00:38","date_gmt":"2025-04-24T07:00:38","guid":{"rendered":"https:\/\/freshgarbage.fi\/tuote\/dany-doriz-son-vibraphone-et-sa-grande-formation\/"},"modified":"2026-01-08T14:13:04","modified_gmt":"2026-01-08T12:13:04","slug":"dany-doriz-son-vibraphone-et-sa-grande-formation","status":"publish","type":"product","link":"https:\/\/freshgarbage.fi\/en\/product\/dany-doriz-son-vibraphone-et-sa-grande-formation\/","title":{"rendered":"Dany Doriz \u2013 Son Vibraphone Et Sa Grande Formation"},"content":{"rendered":"","protected":false},"excerpt":{"rendered":"<p>Alkuper\u00e4inen ja ainut painos. Monet s\u00e4vellyksist\u00e4 suomalaisen Valto Laitisen.<\/p>\n<p>A-puolella muutama pitkulainen pintaj\u00e4lki, mutta eiv\u00e4t kuulu soitossa. Kannen molemmin puolin arkistotarra (etukannessa hyvin pieni). Yhdess\u00e4 kannen kulmassa kevyt taitos. Lis\u00e4ksi takakannen kappalelistauksessa alleviivauksia. Puutteistaan huolimatta hyvin siisti yleisilme.<\/p>\n","protected":false},"featured_media":1177,"template":"","meta":{"_acf_changed":false},"product_brand":[],"product_cat":[122],"product_tag":[],"class_list":{"0":"post-72566","1":"product","2":"type-product","3":"status-publish","4":"has-post-thumbnail","6":"product_cat-jazz-fusion-en","7":"pa_formaatti-lp-en","8":"pa_kaytetty-uusi-2nd-hand","10":"first","11":"instock","12":"shipping-taxable","13":"purchasable","14":"product-type-simple"},"acf":[],"_links":{"self":[{"href":"https:\/\/freshgarbage.fi\/en\/wp-json\/wp\/v2\/product\/72566","targetHints":{"allow":["GET"]}}],"collection":[{"href":"https:\/\/freshgarbage.fi\/en\/wp-json\/wp\/v2\/product"}],"about":[{"href":"https:\/\/freshgarbage.fi\/en\/wp-json\/wp\/v2\/types\/product"}],"wp:featuredmedia":[{"embeddable":true,"href":"https:\/\/freshgarbage.fi\/en\/wp-json\/wp\/v2\/media\/1177"}],"wp:attachment":[{"href":"https:\/\/freshgarbage.fi\/en\/wp-json\/wp\/v2\/media?parent=72566"}],"wp:term":[{"taxonomy":"product_brand","embeddable":true,"href":"https:\/\/freshgarbage.fi\/en\/wp-json\/wp\/v2\/product_brand?post=72566"},{"taxonomy":"product_cat","embeddable":true,"href":"https:\/\/freshgarbage.fi\/en\/wp-json\/wp\/v2\/product_cat?post=72566"},{"taxonomy":"product_tag","embeddable":true,"href":"https:\/\/freshgarbage.fi\/en\/wp-json\/wp\/v2\/product_tag?post=72566"}],"curies":[{"name":"wp","href":"https:\/\/api.w.org\/{rel}","templated":true}]}}