{"id":72434,"date":"2024-07-12T10:13:00","date_gmt":"2024-07-12T07:13:00","guid":{"rendered":"https:\/\/freshgarbage.fi\/tuote\/terveet-kadet-tk-pop-1980-1989\/"},"modified":"2024-07-12T10:13:00","modified_gmt":"2024-07-12T07:13:00","slug":"terveet-kadet-tk-pop-1980-1989","status":"publish","type":"product","link":"https:\/\/freshgarbage.fi\/en\/product\/terveet-kadet-tk-pop-1980-1989\/","title":{"rendered":"Terveet K\u00e4det \u2013 TK POP 1980-1989"},"content":{"rendered":"","protected":false},"excerpt":{"rendered":"<p><strong> Rock Laahausta Vastaan (1980)<\/strong><br \/>\nA1 Min\u00e4 Haluan Paljon Rahaa<br \/>\nA2 Joutukaa Sielut<br \/>\nA3 Vapaa Pohjola<br \/>\n<strong>TK II (1981)<\/strong><br \/>\nA4 Mul On Liian Lyhyt S\u00e4nky<br \/>\nA5 Ei En\u00e4\u00e4 Koskaan Sotaa<br \/>\nA6 Kaks\u2019 Vihre\u00e4\u00e4 Polkupy\u00f6r\u00e4\u00e4<br \/>\nA7 Tornio Blues<br \/>\n<strong>\u00c4\u00e4ret\u00f6n Joulu (1982)<\/strong><br \/>\nA8 T. Tuho<br \/>\nA9 Pissaa Ja Paskaa<br \/>\nA10 Onnellisia Kytkent\u00f6j\u00e4<br \/>\nA11 Musta Jumala<br \/>\nA12 Outo Maa<br \/>\nA13 Haistelijat<br \/>\nA14 Tornion Kev\u00e4t<br \/>\nA15 Utopia<br \/>\n<strong>Terveet K\u00e4det (1983)<\/strong><br \/>\nB1 Halloween<br \/>\nB2 Vapaa Pohjola<br \/>\nB3 Min\u00e4 Haluan Paljon Rahaa<br \/>\nB4 Sota<br \/>\nB5 Transvestiitti<br \/>\nB6 Musta<br \/>\nB7 Perseet Yl\u00f6s<br \/>\nB8 A.L.I.E.N.<br \/>\nB9 N.Y.T.<br \/>\nB10 Jeesus Perkele<br \/>\nB11 Ved\u00e4n K\u00e4teen<br \/>\nB12 Maailmanloppua Etsim\u00e4ss\u00e4<br \/>\nB13 Tuntematon Sotilas<br \/>\nB14 Anna Mulle Piiskaa<br \/>\nB15 Huominen<br \/>\nB16 Ei En\u00e4\u00e4 Koskaan Sotaa<br \/>\nB17 Not Right (Part I)<br \/>\nB18 NOT RIGHT (PART II)<\/p>\n<p><strong>Message \/ Musta Jumala (1983)<\/strong><br \/>\nC1 Message<br \/>\nC2 The Land Of Hope<br \/>\nC3 City And The Stars<br \/>\nC4 Outsider<br \/>\nC5 Kumia Ja Verta<br \/>\nC6 Ongelma<br \/>\nC7 Sotilaat Jotka Marssii<br \/>\nC8 \u2026Ja Paljon Kuolemaa<br \/>\nC9 K\u00e4si<br \/>\nC10 Tiedonantaja<br \/>\n<strong>So Much Fun (1984)<\/strong><br \/>\nC11 Try To Ingratiate<br \/>\nC12 Utilization<br \/>\nC13 Redneck<br \/>\nC14 The Land Of Hope<br \/>\nC15 Another Alternative<br \/>\nC16 Get Sweaty<br \/>\nC17 Satan Saves<br \/>\n<strong>Russia Bombs Finland (1982)<\/strong><br \/>\nD1 Min\u00e4 Haluan Paljon Rahaa<br \/>\nD2 N.Y.T.<br \/>\n<strong>Lasta EP (1984)<\/strong><br \/>\nD3 Pissaa Ja Paskaa<br \/>\n<strong>Yalta Hi-Life (1984)<\/strong><br \/>\nD4 Saappaat<br \/>\nD5 V\u00e4symys<br \/>\nD6 Viihdett\u00e4<br \/>\nD7 Jeesus Perkele<br \/>\n<strong>Propaganda Live (1984)<\/strong><br \/>\nD8 Pissaa Ja Paskaa<br \/>\n<strong>Finnish Spunk Hard Beat (1984)<\/strong><br \/>\nD9 Musta Jumala<br \/>\nD10 Outo Maa<\/p>\n<p><strong>The Horse (1985)<\/strong><br \/>\nE1 Pushed Too Far<br \/>\nE2 Presidents Dream<br \/>\nE3 Another Side Of Life<br \/>\nE4 The Leader<br \/>\nE5 Star-Wars Game<br \/>\nE6 Voodoo<br \/>\nE7 Sexsick<br \/>\nE8 The Power<br \/>\nE9 All Or Nothing<br \/>\nE10 Search And Destroy<br \/>\nF1 Gates Of Hell<br \/>\nF2 Day Of Judgement<br \/>\nF3 Out Of Date<br \/>\nF4 All Fools Day<br \/>\nF5 Misunderstood<br \/>\nF6 Introvert<br \/>\nF7 No Man\u2019s Sky<br \/>\nF8 Demon Seeds<br \/>\nF9 The Horse<br \/>\nF10 Metal Massacre<\/p>\n<p><strong>Oma Koloni (1987)<\/strong><br \/>\nG1 Oma Koloni<br \/>\nG2 Vasemmasta Oikeaan<br \/>\nG3 Kaikki Oveni Ovat Suljetut<br \/>\nG4 Valmiina Yl\u00f6snousemukseen<br \/>\n<strong>Anno Domini (1989)<\/strong><br \/>\nG5 Anno Domini<br \/>\nG6 Sokea Johtaa Sokeaa<br \/>\nG7 Loppuu Happi<br \/>\nG8 Ota Pommi Ja R\u00e4j\u00e4hd\u00e4<br \/>\nG9 Maasta Sin\u00e4 Olet Tullut<br \/>\n<strong>Pahan Voima (1995, Recorded 1987)<\/strong><br \/>\nH1 Pahan Voima<br \/>\nH2 Kipe\u00e4 P\u00e4\u00e4ni<br \/>\nH3 Uhri<br \/>\nH4 Syv\u00e4lt\u00e4 Sis\u00e4lt\u00e4ni<br \/>\nH5 Harmaat Sein\u00e4t<br \/>\nH6 Ihmisvihaaja<br \/>\n<strong>Runeberginkatu 8 (1993, Recorded 1987)<\/strong><br \/>\nH7 Hetki Hellyytt\u00e4<\/p>\n<p><strong>Early Recordings (1980-1981)<\/strong><br \/>\nI1 Vapaa Pohjola (Early Version, Swedish Radio Broadcast)<br \/>\nI2 Vaikeet On<br \/>\nI3 Ei Alistuta<br \/>\nI4 Tornion Kev\u00e4t (Original Version)<br \/>\n<strong>Rock Laahausta Vastaan Session (1980)<\/strong><br \/>\nI5 TK Pop<br \/>\n<strong>Punk Ei Ole Kuollut &#8211; Session (1981)<\/strong><br \/>\nI6 Punkit Ei Oo Kuollu<br \/>\nI7 Heikki<br \/>\nI8 Miesten Koulu<br \/>\n<strong>Rehearsal (1981)<\/strong><br \/>\nI9 TK Pop<br \/>\nI10 Ei En\u00e4\u00e4 Koskaan Sotaa<br \/>\nI11 Mull On Liian Lyhyt S\u00e4nky<br \/>\nI12 N.Y.T.<br \/>\nI13 Min\u00e4 Haluan Paljon Rahaa<br \/>\n<strong>The 3rd I.K.B.A.L. EP (1982)<\/strong><br \/>\nJ1 Tuntematon Sotilas<br \/>\nJ2 T\u00e4ystuho<br \/>\nJ3 Pissaa Ja Paskaa<br \/>\nJ4 Onnellisia Kytkent\u00f6j\u00e4<br \/>\n<strong>Kemi Live (1982)<\/strong><br \/>\nJ5 No Government (Anti Pasti)<br \/>\nJ6 T\u00e4ystuho<br \/>\nJ7 Pissaa Ja Paskaa<br \/>\nJ8 TK-Pop<br \/>\nJ9 Musta Jumala<br \/>\nJ10 Outo Maa<br \/>\nJ11 N.Y.T.<\/p>\n","protected":false},"featured_media":19187,"template":"","meta":{"_acf_changed":false},"product_brand":[],"product_cat":[120,114],"product_tag":[],"class_list":{"0":"post-72434","1":"product","2":"type-product","3":"status-publish","4":"has-post-thumbnail","6":"product_cat-finnish","7":"product_cat-punk-hardcore-psychobilly-en","8":"pa_formaatti-box-set","9":"pa_formaatti-lp-en","10":"pa_kaytetty-uusi-2nd-hand","12":"first","13":"instock","14":"shipping-taxable","15":"purchasable","16":"product-type-simple"},"acf":[],"_links":{"self":[{"href":"https:\/\/freshgarbage.fi\/en\/wp-json\/wp\/v2\/product\/72434","targetHints":{"allow":["GET"]}}],"collection":[{"href":"https:\/\/freshgarbage.fi\/en\/wp-json\/wp\/v2\/product"}],"about":[{"href":"https:\/\/freshgarbage.fi\/en\/wp-json\/wp\/v2\/types\/product"}],"wp:featuredmedia":[{"embeddable":true,"href":"https:\/\/freshgarbage.fi\/en\/wp-json\/wp\/v2\/media\/19187"}],"wp:attachment":[{"href":"https:\/\/freshgarbage.fi\/en\/wp-json\/wp\/v2\/media?parent=72434"}],"wp:term":[{"taxonomy":"product_brand","embeddable":true,"href":"https:\/\/freshgarbage.fi\/en\/wp-json\/wp\/v2\/product_brand?post=72434"},{"taxonomy":"product_cat","embeddable":true,"href":"https:\/\/freshgarbage.fi\/en\/wp-json\/wp\/v2\/product_cat?post=72434"},{"taxonomy":"product_tag","embeddable":true,"href":"https:\/\/freshgarbage.fi\/en\/wp-json\/wp\/v2\/product_tag?post=72434"}],"curies":[{"name":"wp","href":"https:\/\/api.w.org\/{rel}","templated":true}]}}