{"id":72406,"date":"2024-07-31T12:00:47","date_gmt":"2024-07-31T09:00:47","guid":{"rendered":"https:\/\/freshgarbage.fi\/tuote\/tumppi-varonen-ennen-huomista-2\/"},"modified":"2024-07-31T12:00:47","modified_gmt":"2024-07-31T09:00:47","slug":"tumppi-varonen-ennen-huomista-2","status":"publish","type":"product","link":"https:\/\/freshgarbage.fi\/en\/product\/tumppi-varonen-ennen-huomista-2\/","title":{"rendered":"Tumppi Varonen \u2013 Ennen Huomista"},"content":{"rendered":"","protected":false},"excerpt":{"rendered":"<p>Valkoetikettinen koelevy. Levyss\u00e4 jonkin verran kevytt\u00e4 j\u00e4lke\u00e4, mutta soi hyvin.<\/p>\n","protected":false},"featured_media":19989,"template":"","meta":{"_acf_changed":false},"product_brand":[],"product_cat":[120,114],"product_tag":[],"class_list":{"0":"post-72406","1":"product","2":"type-product","3":"status-publish","4":"has-post-thumbnail","6":"product_cat-finnish","7":"product_cat-punk-hardcore-psychobilly-en","8":"pa_formaatti-lp-en","9":"pa_kaytetty-uusi-2nd-hand","11":"first","12":"instock","13":"shipping-taxable","14":"purchasable","15":"product-type-simple"},"acf":[],"_links":{"self":[{"href":"https:\/\/freshgarbage.fi\/en\/wp-json\/wp\/v2\/product\/72406","targetHints":{"allow":["GET"]}}],"collection":[{"href":"https:\/\/freshgarbage.fi\/en\/wp-json\/wp\/v2\/product"}],"about":[{"href":"https:\/\/freshgarbage.fi\/en\/wp-json\/wp\/v2\/types\/product"}],"wp:featuredmedia":[{"embeddable":true,"href":"https:\/\/freshgarbage.fi\/en\/wp-json\/wp\/v2\/media\/19989"}],"wp:attachment":[{"href":"https:\/\/freshgarbage.fi\/en\/wp-json\/wp\/v2\/media?parent=72406"}],"wp:term":[{"taxonomy":"product_brand","embeddable":true,"href":"https:\/\/freshgarbage.fi\/en\/wp-json\/wp\/v2\/product_brand?post=72406"},{"taxonomy":"product_cat","embeddable":true,"href":"https:\/\/freshgarbage.fi\/en\/wp-json\/wp\/v2\/product_cat?post=72406"},{"taxonomy":"product_tag","embeddable":true,"href":"https:\/\/freshgarbage.fi\/en\/wp-json\/wp\/v2\/product_tag?post=72406"}],"curies":[{"name":"wp","href":"https:\/\/api.w.org\/{rel}","templated":true}]}}