{"id":72348,"date":"2024-08-07T11:50:59","date_gmt":"2024-08-07T08:50:59","guid":{"rendered":"https:\/\/freshgarbage.fi\/tuote\/millions-of-damn-christians-this-bloods-for-you\/"},"modified":"2024-08-07T11:50:59","modified_gmt":"2024-08-07T08:50:59","slug":"millions-of-damn-christians-this-bloods-for-you","status":"publish","type":"product","link":"https:\/\/freshgarbage.fi\/en\/product\/millions-of-damn-christians-this-bloods-for-you\/","title":{"rendered":"Millions Of Damn Christians \u2013 This Blood&#8217;s For You"},"content":{"rendered":"","protected":false},"excerpt":{"rendered":"<p>Alkuper\u00e4inen Saksa-painos. Alkuper\u00e4isen sis\u00e4pussin lis\u00e4ksi mukana We Bite Recordsin 4-sivuinen newsletter.<\/p>\n<p>Back of cover opens in gatefold.<br \/>\nIssued with printed innersleeve (lyrics, dedication, credits).<\/p>\n","protected":false},"featured_media":20366,"template":"","meta":{"_acf_changed":false},"product_brand":[],"product_cat":[114],"product_tag":[],"class_list":{"0":"post-72348","1":"product","2":"type-product","3":"status-publish","4":"has-post-thumbnail","6":"product_cat-punk-hardcore-psychobilly-en","7":"pa_formaatti-lp-en","8":"pa_kaytetty-uusi-2nd-hand","10":"first","11":"instock","12":"shipping-taxable","13":"purchasable","14":"product-type-simple"},"acf":[],"_links":{"self":[{"href":"https:\/\/freshgarbage.fi\/en\/wp-json\/wp\/v2\/product\/72348","targetHints":{"allow":["GET"]}}],"collection":[{"href":"https:\/\/freshgarbage.fi\/en\/wp-json\/wp\/v2\/product"}],"about":[{"href":"https:\/\/freshgarbage.fi\/en\/wp-json\/wp\/v2\/types\/product"}],"wp:featuredmedia":[{"embeddable":true,"href":"https:\/\/freshgarbage.fi\/en\/wp-json\/wp\/v2\/media\/20366"}],"wp:attachment":[{"href":"https:\/\/freshgarbage.fi\/en\/wp-json\/wp\/v2\/media?parent=72348"}],"wp:term":[{"taxonomy":"product_brand","embeddable":true,"href":"https:\/\/freshgarbage.fi\/en\/wp-json\/wp\/v2\/product_brand?post=72348"},{"taxonomy":"product_cat","embeddable":true,"href":"https:\/\/freshgarbage.fi\/en\/wp-json\/wp\/v2\/product_cat?post=72348"},{"taxonomy":"product_tag","embeddable":true,"href":"https:\/\/freshgarbage.fi\/en\/wp-json\/wp\/v2\/product_tag?post=72348"}],"curies":[{"name":"wp","href":"https:\/\/api.w.org\/{rel}","templated":true}]}}