{"id":72325,"date":"2024-08-19T11:30:50","date_gmt":"2024-08-19T08:30:50","guid":{"rendered":"https:\/\/freshgarbage.fi\/tuote\/katastrophy-wife-dysrhythmia\/"},"modified":"2024-08-19T11:30:50","modified_gmt":"2024-08-19T08:30:50","slug":"katastrophy-wife-dysrhythmia","status":"publish","type":"product","link":"https:\/\/freshgarbage.fi\/en\/product\/katastrophy-wife-dysrhythmia\/","title":{"rendered":"Katastrophy Wife \u2013 Dysrhythmia"},"content":{"rendered":"","protected":false},"excerpt":{"rendered":"<p>Boxset, 2 Studio Album LPs, both 180g coloured vinyl plus Digital Download Rarities Albums &#8211; Limited Edition 500 Pressing.<\/p>\n<p>Molemmat latauskoodit tallessa, mutta ei tietoa toimivatko en\u00e4\u00e4. T\u00e4ss\u00e4 siis mukana varmuudella vain Amusia &amp; All Kneel LP:t.<\/p>\n","protected":false},"featured_media":20934,"template":"","meta":{"_acf_changed":false},"product_brand":[],"product_cat":[114],"product_tag":[],"class_list":{"0":"post-72325","1":"product","2":"type-product","3":"status-publish","4":"has-post-thumbnail","6":"product_cat-punk-hardcore-psychobilly-en","7":"pa_formaatti-box-set","8":"pa_formaatti-lp-en","9":"pa_kaytetty-uusi-2nd-hand","11":"first","12":"instock","13":"shipping-taxable","14":"purchasable","15":"product-type-simple"},"acf":[],"_links":{"self":[{"href":"https:\/\/freshgarbage.fi\/en\/wp-json\/wp\/v2\/product\/72325","targetHints":{"allow":["GET"]}}],"collection":[{"href":"https:\/\/freshgarbage.fi\/en\/wp-json\/wp\/v2\/product"}],"about":[{"href":"https:\/\/freshgarbage.fi\/en\/wp-json\/wp\/v2\/types\/product"}],"wp:featuredmedia":[{"embeddable":true,"href":"https:\/\/freshgarbage.fi\/en\/wp-json\/wp\/v2\/media\/20934"}],"wp:attachment":[{"href":"https:\/\/freshgarbage.fi\/en\/wp-json\/wp\/v2\/media?parent=72325"}],"wp:term":[{"taxonomy":"product_brand","embeddable":true,"href":"https:\/\/freshgarbage.fi\/en\/wp-json\/wp\/v2\/product_brand?post=72325"},{"taxonomy":"product_cat","embeddable":true,"href":"https:\/\/freshgarbage.fi\/en\/wp-json\/wp\/v2\/product_cat?post=72325"},{"taxonomy":"product_tag","embeddable":true,"href":"https:\/\/freshgarbage.fi\/en\/wp-json\/wp\/v2\/product_tag?post=72325"}],"curies":[{"name":"wp","href":"https:\/\/api.w.org\/{rel}","templated":true}]}}