{"id":72323,"date":"2025-06-18T12:11:25","date_gmt":"2025-06-18T09:11:25","guid":{"rendered":"https:\/\/freshgarbage.fi\/tuote\/pekka-poyry-happy-peter\/"},"modified":"2026-01-08T14:11:39","modified_gmt":"2026-01-08T12:11:39","slug":"pekka-poyry-happy-peter","status":"publish","type":"product","link":"https:\/\/freshgarbage.fi\/en\/product\/pekka-poyry-happy-peter\/","title":{"rendered":"Pekka P\u00f6yry \u2013 Happy Peter"},"content":{"rendered":"","protected":false},"excerpt":{"rendered":"<p>Alkuper\u00e4inen painos.<\/p>\n<p>A1 Conjunto Baron \u2013 Erottamattomat 4:40<br \/>\nA2 UMO \u2013 Doubles 5:42<br \/>\nA3 Pekka P\u00f6yry Quartet \u2013 4-3-5 6:37<br \/>\nA4 Tasavallan Presidentti \u2013 Piece Of Mind 4:00<br \/>\nB1 Pekka P\u00f6yry &amp; Jukka Tolonen \u2013 Mountains 6:37<br \/>\nB2 Mike Koskinen Sextet \u2013 Modal Code 7:17<br \/>\nB3 Vesa-Matti Loiri &amp; UMO \u2013 P\u00e4iv\u00e4ns\u00e4de Ja Mennink\u00e4inen 5:05<br \/>\nB4 Pekka P\u00f6yry \u2013 Beautiful Morning 1:21<\/p>\n","protected":false},"featured_media":36040,"template":"","meta":{"_acf_changed":false},"product_brand":[],"product_cat":[120,122],"product_tag":[],"class_list":{"0":"post-72323","1":"product","2":"type-product","3":"status-publish","4":"has-post-thumbnail","6":"product_cat-finnish","7":"product_cat-jazz-fusion-en","8":"pa_formaatti-lp-en","9":"pa_kaytetty-uusi-2nd-hand","11":"first","12":"instock","13":"shipping-taxable","14":"purchasable","15":"product-type-simple"},"acf":[],"_links":{"self":[{"href":"https:\/\/freshgarbage.fi\/en\/wp-json\/wp\/v2\/product\/72323","targetHints":{"allow":["GET"]}}],"collection":[{"href":"https:\/\/freshgarbage.fi\/en\/wp-json\/wp\/v2\/product"}],"about":[{"href":"https:\/\/freshgarbage.fi\/en\/wp-json\/wp\/v2\/types\/product"}],"wp:featuredmedia":[{"embeddable":true,"href":"https:\/\/freshgarbage.fi\/en\/wp-json\/wp\/v2\/media\/36040"}],"wp:attachment":[{"href":"https:\/\/freshgarbage.fi\/en\/wp-json\/wp\/v2\/media?parent=72323"}],"wp:term":[{"taxonomy":"product_brand","embeddable":true,"href":"https:\/\/freshgarbage.fi\/en\/wp-json\/wp\/v2\/product_brand?post=72323"},{"taxonomy":"product_cat","embeddable":true,"href":"https:\/\/freshgarbage.fi\/en\/wp-json\/wp\/v2\/product_cat?post=72323"},{"taxonomy":"product_tag","embeddable":true,"href":"https:\/\/freshgarbage.fi\/en\/wp-json\/wp\/v2\/product_tag?post=72323"}],"curies":[{"name":"wp","href":"https:\/\/api.w.org\/{rel}","templated":true}]}}