{"id":72238,"date":"2025-07-07T11:55:28","date_gmt":"2025-07-07T08:55:28","guid":{"rendered":"https:\/\/freshgarbage.fi\/tuote\/art-blakey-the-jazz-messengers-album-of-the-year\/"},"modified":"2026-01-08T14:11:13","modified_gmt":"2026-01-08T12:11:13","slug":"art-blakey-the-jazz-messengers-album-of-the-year","status":"publish","type":"product","link":"https:\/\/freshgarbage.fi\/en\/product\/art-blakey-the-jazz-messengers-album-of-the-year\/","title":{"rendered":"Art Blakey &#038; The Jazz Messengers \u2013 Album Of The Year"},"content":{"rendered":"","protected":false},"excerpt":{"rendered":"<p>180g.<\/p>\n<p>Levyss\u00e4 jonkin verran kevytt\u00e4 pintaj\u00e4lke\u00e4, mutta soi hienosti.<\/p>\n","protected":false},"featured_media":36792,"template":"","meta":{"_acf_changed":false},"product_brand":[],"product_cat":[122],"product_tag":[],"class_list":{"0":"post-72238","1":"product","2":"type-product","3":"status-publish","4":"has-post-thumbnail","6":"product_cat-jazz-fusion-en","7":"pa_formaatti-lp-en","8":"pa_kaytetty-uusi-2nd-hand","10":"first","11":"instock","12":"shipping-taxable","13":"purchasable","14":"product-type-simple"},"acf":[],"_links":{"self":[{"href":"https:\/\/freshgarbage.fi\/en\/wp-json\/wp\/v2\/product\/72238","targetHints":{"allow":["GET"]}}],"collection":[{"href":"https:\/\/freshgarbage.fi\/en\/wp-json\/wp\/v2\/product"}],"about":[{"href":"https:\/\/freshgarbage.fi\/en\/wp-json\/wp\/v2\/types\/product"}],"wp:featuredmedia":[{"embeddable":true,"href":"https:\/\/freshgarbage.fi\/en\/wp-json\/wp\/v2\/media\/36792"}],"wp:attachment":[{"href":"https:\/\/freshgarbage.fi\/en\/wp-json\/wp\/v2\/media?parent=72238"}],"wp:term":[{"taxonomy":"product_brand","embeddable":true,"href":"https:\/\/freshgarbage.fi\/en\/wp-json\/wp\/v2\/product_brand?post=72238"},{"taxonomy":"product_cat","embeddable":true,"href":"https:\/\/freshgarbage.fi\/en\/wp-json\/wp\/v2\/product_cat?post=72238"},{"taxonomy":"product_tag","embeddable":true,"href":"https:\/\/freshgarbage.fi\/en\/wp-json\/wp\/v2\/product_tag?post=72238"}],"curies":[{"name":"wp","href":"https:\/\/api.w.org\/{rel}","templated":true}]}}