{"id":72230,"date":"2025-07-15T11:40:13","date_gmt":"2025-07-15T08:40:13","guid":{"rendered":"https:\/\/freshgarbage.fi\/tuote\/helmut-aniko-vib-project-helmut-aniko-vib-project\/"},"modified":"2026-01-08T14:11:11","modified_gmt":"2026-01-08T12:11:11","slug":"helmut-aniko-vib-project-helmut-aniko-vib-project","status":"publish","type":"product","link":"https:\/\/freshgarbage.fi\/en\/product\/helmut-aniko-vib-project-helmut-aniko-vib-project\/","title":{"rendered":"Helmut Aniko &#038; VIB-Project \u2013 Helmut Aniko &#038; VIB-Project"},"content":{"rendered":"","protected":false},"excerpt":{"rendered":"<p>Takakannessa pieni hintalapun j\u00e4tt\u00e4m\u00e4 pintarepe\u00e4m\u00e4. Suurimman osan kappaleista s\u00e4velt\u00e4nyt Jukka Linkola.<\/p>\n","protected":false},"featured_media":37244,"template":"","meta":{"_acf_changed":false},"product_brand":[],"product_cat":[122],"product_tag":[],"class_list":{"0":"post-72230","1":"product","2":"type-product","3":"status-publish","4":"has-post-thumbnail","6":"product_cat-jazz-fusion-en","7":"pa_formaatti-lp-en","8":"pa_kaytetty-uusi-2nd-hand","10":"first","11":"instock","12":"shipping-taxable","13":"purchasable","14":"product-type-simple"},"acf":[],"_links":{"self":[{"href":"https:\/\/freshgarbage.fi\/en\/wp-json\/wp\/v2\/product\/72230","targetHints":{"allow":["GET"]}}],"collection":[{"href":"https:\/\/freshgarbage.fi\/en\/wp-json\/wp\/v2\/product"}],"about":[{"href":"https:\/\/freshgarbage.fi\/en\/wp-json\/wp\/v2\/types\/product"}],"wp:featuredmedia":[{"embeddable":true,"href":"https:\/\/freshgarbage.fi\/en\/wp-json\/wp\/v2\/media\/37244"}],"wp:attachment":[{"href":"https:\/\/freshgarbage.fi\/en\/wp-json\/wp\/v2\/media?parent=72230"}],"wp:term":[{"taxonomy":"product_brand","embeddable":true,"href":"https:\/\/freshgarbage.fi\/en\/wp-json\/wp\/v2\/product_brand?post=72230"},{"taxonomy":"product_cat","embeddable":true,"href":"https:\/\/freshgarbage.fi\/en\/wp-json\/wp\/v2\/product_cat?post=72230"},{"taxonomy":"product_tag","embeddable":true,"href":"https:\/\/freshgarbage.fi\/en\/wp-json\/wp\/v2\/product_tag?post=72230"}],"curies":[{"name":"wp","href":"https:\/\/api.w.org\/{rel}","templated":true}]}}