{"id":71967,"date":"2025-08-01T12:40:24","date_gmt":"2025-08-01T09:40:24","guid":{"rendered":"https:\/\/freshgarbage.fi\/tuote\/brinsley-schwarz-fifteen-thoughts-of-brinsley-schwarz\/"},"modified":"2025-08-01T12:40:24","modified_gmt":"2025-08-01T09:40:24","slug":"brinsley-schwarz-fifteen-thoughts-of-brinsley-schwarz","status":"publish","type":"product","link":"https:\/\/freshgarbage.fi\/en\/product\/brinsley-schwarz-fifteen-thoughts-of-brinsley-schwarz\/","title":{"rendered":"Brinsley Schwarz \u2013 Fifteen Thoughts Of Brinsley Schwarz"},"content":{"rendered":"","protected":false},"excerpt":{"rendered":"<p>Alkuper\u00e4inen UK-painos. Juliste tallessa.<\/p>\n<p>Levyss\u00e4 kevytt\u00e4 hiusj\u00e4lke\u00e4, soi hienosti.<\/p>\n<p>A1 (What&#8217;s So Funny &#8217;bout) Peace Love And Understanding 3:32<br \/>\nA2 There&#8217;s A Cloud In My Heart 3:04<br \/>\nA3 Nightingale 3:00<br \/>\nA4 Hypocrite 2:57<br \/>\nA5 Funk Angel 4:16<br \/>\nA6 I Like You I Don&#8217;t Love You 3:25<br \/>\nA7 Rockin&#8217; Chair 2:08<br \/>\nA8 Shining Brightly 3:30<br \/>\nB1 Country Girl 3:07<br \/>\nB2 Surrender To The Rhythm 3:18<br \/>\nB3 Hooked On Love 2:30<br \/>\nB4 Don&#8217;t Lose Your Grip On Love 4:15<br \/>\nB5 The Ugly Things 2:46<br \/>\nB6 Nervous On The Road (But Can&#8217;t Stay At Home) 4:50<br \/>\nB7 Home In My Hand 5:22<\/p>\n","protected":false},"featured_media":38040,"template":"","meta":{"_acf_changed":false},"product_brand":[],"product_cat":[116],"product_tag":[],"class_list":{"0":"post-71967","1":"product","2":"type-product","3":"status-publish","4":"has-post-thumbnail","6":"product_cat-rock-pop-en","7":"pa_formaatti-lp-en","8":"pa_kaytetty-uusi-2nd-hand","10":"first","11":"instock","12":"shipping-taxable","13":"purchasable","14":"product-type-simple"},"acf":[],"_links":{"self":[{"href":"https:\/\/freshgarbage.fi\/en\/wp-json\/wp\/v2\/product\/71967","targetHints":{"allow":["GET"]}}],"collection":[{"href":"https:\/\/freshgarbage.fi\/en\/wp-json\/wp\/v2\/product"}],"about":[{"href":"https:\/\/freshgarbage.fi\/en\/wp-json\/wp\/v2\/types\/product"}],"wp:featuredmedia":[{"embeddable":true,"href":"https:\/\/freshgarbage.fi\/en\/wp-json\/wp\/v2\/media\/38040"}],"wp:attachment":[{"href":"https:\/\/freshgarbage.fi\/en\/wp-json\/wp\/v2\/media?parent=71967"}],"wp:term":[{"taxonomy":"product_brand","embeddable":true,"href":"https:\/\/freshgarbage.fi\/en\/wp-json\/wp\/v2\/product_brand?post=71967"},{"taxonomy":"product_cat","embeddable":true,"href":"https:\/\/freshgarbage.fi\/en\/wp-json\/wp\/v2\/product_cat?post=71967"},{"taxonomy":"product_tag","embeddable":true,"href":"https:\/\/freshgarbage.fi\/en\/wp-json\/wp\/v2\/product_tag?post=71967"}],"curies":[{"name":"wp","href":"https:\/\/api.w.org\/{rel}","templated":true}]}}