{"id":71933,"date":"2024-09-02T11:30:23","date_gmt":"2024-09-02T08:30:23","guid":{"rendered":"https:\/\/freshgarbage.fi\/tuote\/tung-twista-runnin-off-at-da-mouth\/"},"modified":"2026-01-08T14:16:12","modified_gmt":"2026-01-08T12:16:12","slug":"tung-twista-runnin-off-at-da-mouth","status":"publish","type":"product","link":"https:\/\/freshgarbage.fi\/en\/product\/tung-twista-runnin-off-at-da-mouth\/","title":{"rendered":"Tung Twista \u2013 Runnin&#8217; Off At Da Mouth"},"content":{"rendered":"","protected":false},"excerpt":{"rendered":"<p>Hieman reilummin kevytt\u00e4 j\u00e4lke\u00e4. Hieman kevytt\u00e4 rapsua muutamissa paikoissa.<\/p>\n","protected":false},"featured_media":21801,"template":"","meta":{"_acf_changed":false},"product_brand":[],"product_cat":[123],"product_tag":[],"class_list":{"0":"post-71933","1":"product","2":"type-product","3":"status-publish","4":"has-post-thumbnail","6":"product_cat-hip-hop-rap-en","7":"pa_formaatti-lp-en","8":"pa_kaytetty-uusi-2nd-hand","10":"first","11":"instock","12":"shipping-taxable","13":"purchasable","14":"product-type-simple"},"acf":[],"_links":{"self":[{"href":"https:\/\/freshgarbage.fi\/en\/wp-json\/wp\/v2\/product\/71933","targetHints":{"allow":["GET"]}}],"collection":[{"href":"https:\/\/freshgarbage.fi\/en\/wp-json\/wp\/v2\/product"}],"about":[{"href":"https:\/\/freshgarbage.fi\/en\/wp-json\/wp\/v2\/types\/product"}],"wp:featuredmedia":[{"embeddable":true,"href":"https:\/\/freshgarbage.fi\/en\/wp-json\/wp\/v2\/media\/21801"}],"wp:attachment":[{"href":"https:\/\/freshgarbage.fi\/en\/wp-json\/wp\/v2\/media?parent=71933"}],"wp:term":[{"taxonomy":"product_brand","embeddable":true,"href":"https:\/\/freshgarbage.fi\/en\/wp-json\/wp\/v2\/product_brand?post=71933"},{"taxonomy":"product_cat","embeddable":true,"href":"https:\/\/freshgarbage.fi\/en\/wp-json\/wp\/v2\/product_cat?post=71933"},{"taxonomy":"product_tag","embeddable":true,"href":"https:\/\/freshgarbage.fi\/en\/wp-json\/wp\/v2\/product_tag?post=71933"}],"curies":[{"name":"wp","href":"https:\/\/api.w.org\/{rel}","templated":true}]}}