{"id":71752,"date":"2024-08-13T11:59:56","date_gmt":"2024-08-13T08:59:56","guid":{"rendered":"https:\/\/freshgarbage.fi\/tuote\/the-big-f-the-big-f\/"},"modified":"2024-08-13T11:59:56","modified_gmt":"2024-08-13T08:59:56","slug":"the-big-f-the-big-f","status":"publish","type":"product","link":"https:\/\/freshgarbage.fi\/en\/product\/the-big-f-the-big-f\/","title":{"rendered":"The Big F \u2013 The Big F"},"content":{"rendered":"","protected":false},"excerpt":{"rendered":"<p>Suht voimakkaasti n\u00e4kyv\u00e4 ringwear, mutta sin\u00e4ns\u00e4 ehj\u00e4t kannet.<\/p>\n","protected":false},"featured_media":20665,"template":"","meta":{"_acf_changed":false},"product_brand":[],"product_cat":[124],"product_tag":[],"class_list":{"0":"post-71752","1":"product","2":"type-product","3":"status-publish","4":"has-post-thumbnail","6":"product_cat-hard-rock-heavy-en","7":"pa_formaatti-lp-en","8":"pa_kaytetty-uusi-2nd-hand","10":"first","11":"instock","12":"shipping-taxable","13":"purchasable","14":"product-type-simple"},"acf":[],"_links":{"self":[{"href":"https:\/\/freshgarbage.fi\/en\/wp-json\/wp\/v2\/product\/71752","targetHints":{"allow":["GET"]}}],"collection":[{"href":"https:\/\/freshgarbage.fi\/en\/wp-json\/wp\/v2\/product"}],"about":[{"href":"https:\/\/freshgarbage.fi\/en\/wp-json\/wp\/v2\/types\/product"}],"wp:featuredmedia":[{"embeddable":true,"href":"https:\/\/freshgarbage.fi\/en\/wp-json\/wp\/v2\/media\/20665"}],"wp:attachment":[{"href":"https:\/\/freshgarbage.fi\/en\/wp-json\/wp\/v2\/media?parent=71752"}],"wp:term":[{"taxonomy":"product_brand","embeddable":true,"href":"https:\/\/freshgarbage.fi\/en\/wp-json\/wp\/v2\/product_brand?post=71752"},{"taxonomy":"product_cat","embeddable":true,"href":"https:\/\/freshgarbage.fi\/en\/wp-json\/wp\/v2\/product_cat?post=71752"},{"taxonomy":"product_tag","embeddable":true,"href":"https:\/\/freshgarbage.fi\/en\/wp-json\/wp\/v2\/product_tag?post=71752"}],"curies":[{"name":"wp","href":"https:\/\/api.w.org\/{rel}","templated":true}]}}