{"id":71602,"date":"2023-11-20T15:37:40","date_gmt":"2023-11-20T13:37:40","guid":{"rendered":"https:\/\/freshgarbage.fi\/tuote\/paroni-paakkunainen-lauluja-kansanmusiikkinaytelmasta-kanteletar\/"},"modified":"2023-11-20T15:37:40","modified_gmt":"2023-11-20T13:37:40","slug":"paroni-paakkunainen-lauluja-kansanmusiikkinaytelmasta-kanteletar","status":"publish","type":"product","link":"https:\/\/freshgarbage.fi\/en\/product\/paroni-paakkunainen-lauluja-kansanmusiikkinaytelmasta-kanteletar\/","title":{"rendered":"Paroni Paakkunainen \u2013 Lauluja Kansanmusiikkin\u00e4ytelm\u00e4st\u00e4 Kanteletar"},"content":{"rendered":"","protected":false},"excerpt":{"rendered":"","protected":false},"featured_media":5690,"template":"","meta":{"_acf_changed":false},"product_brand":[],"product_cat":[120,137],"product_tag":[],"class_list":{"0":"post-71602","1":"product","2":"type-product","3":"status-publish","4":"has-post-thumbnail","6":"product_cat-finnish","7":"product_cat-world-music-traditional-ethnic-en","8":"pa_formaatti-lp-en","9":"pa_kaytetty-uusi-2nd-hand","11":"first","12":"instock","13":"shipping-taxable","14":"purchasable","15":"product-type-simple"},"acf":[],"_links":{"self":[{"href":"https:\/\/freshgarbage.fi\/en\/wp-json\/wp\/v2\/product\/71602","targetHints":{"allow":["GET"]}}],"collection":[{"href":"https:\/\/freshgarbage.fi\/en\/wp-json\/wp\/v2\/product"}],"about":[{"href":"https:\/\/freshgarbage.fi\/en\/wp-json\/wp\/v2\/types\/product"}],"wp:featuredmedia":[{"embeddable":true,"href":"https:\/\/freshgarbage.fi\/en\/wp-json\/wp\/v2\/media\/5690"}],"wp:attachment":[{"href":"https:\/\/freshgarbage.fi\/en\/wp-json\/wp\/v2\/media?parent=71602"}],"wp:term":[{"taxonomy":"product_brand","embeddable":true,"href":"https:\/\/freshgarbage.fi\/en\/wp-json\/wp\/v2\/product_brand?post=71602"},{"taxonomy":"product_cat","embeddable":true,"href":"https:\/\/freshgarbage.fi\/en\/wp-json\/wp\/v2\/product_cat?post=71602"},{"taxonomy":"product_tag","embeddable":true,"href":"https:\/\/freshgarbage.fi\/en\/wp-json\/wp\/v2\/product_tag?post=71602"}],"curies":[{"name":"wp","href":"https:\/\/api.w.org\/{rel}","templated":true}]}}