{"id":71584,"date":"2025-01-10T11:59:30","date_gmt":"2025-01-10T09:59:30","guid":{"rendered":"https:\/\/freshgarbage.fi\/tuote\/immortal-technique-revolutionary-vol-2\/"},"modified":"2026-01-08T14:14:27","modified_gmt":"2026-01-08T12:14:27","slug":"immortal-technique-revolutionary-vol-2","status":"publish","type":"product","link":"https:\/\/freshgarbage.fi\/en\/product\/immortal-technique-revolutionary-vol-2\/","title":{"rendered":"Immortal Technique \u2013 Revolutionary Vol. 2"},"content":{"rendered":"","protected":false},"excerpt":{"rendered":"<p>Alkuper\u00e4inen USA-painos. Ei liitett\u00e4, jota ei alunperink\u00e4\u00e4n ollut koko painoksessa.<\/p>\n","protected":false},"featured_media":28777,"template":"","meta":{"_acf_changed":false},"product_brand":[],"product_cat":[123],"product_tag":[],"class_list":{"0":"post-71584","1":"product","2":"type-product","3":"status-publish","4":"has-post-thumbnail","6":"product_cat-hip-hop-rap-en","7":"pa_formaatti-lp-en","8":"pa_kaytetty-uusi-2nd-hand","10":"first","11":"outofstock","12":"shipping-taxable","13":"purchasable","14":"product-type-simple"},"acf":[],"_links":{"self":[{"href":"https:\/\/freshgarbage.fi\/en\/wp-json\/wp\/v2\/product\/71584","targetHints":{"allow":["GET"]}}],"collection":[{"href":"https:\/\/freshgarbage.fi\/en\/wp-json\/wp\/v2\/product"}],"about":[{"href":"https:\/\/freshgarbage.fi\/en\/wp-json\/wp\/v2\/types\/product"}],"wp:featuredmedia":[{"embeddable":true,"href":"https:\/\/freshgarbage.fi\/en\/wp-json\/wp\/v2\/media\/28777"}],"wp:attachment":[{"href":"https:\/\/freshgarbage.fi\/en\/wp-json\/wp\/v2\/media?parent=71584"}],"wp:term":[{"taxonomy":"product_brand","embeddable":true,"href":"https:\/\/freshgarbage.fi\/en\/wp-json\/wp\/v2\/product_brand?post=71584"},{"taxonomy":"product_cat","embeddable":true,"href":"https:\/\/freshgarbage.fi\/en\/wp-json\/wp\/v2\/product_cat?post=71584"},{"taxonomy":"product_tag","embeddable":true,"href":"https:\/\/freshgarbage.fi\/en\/wp-json\/wp\/v2\/product_tag?post=71584"}],"curies":[{"name":"wp","href":"https:\/\/api.w.org\/{rel}","templated":true}]}}