{"id":71542,"date":"2024-08-13T11:59:43","date_gmt":"2024-08-13T08:59:43","guid":{"rendered":"https:\/\/freshgarbage.fi\/tuote\/murder-by-death-red-of-tooth-and-claw\/"},"modified":"2024-08-13T11:59:43","modified_gmt":"2024-08-13T08:59:43","slug":"murder-by-death-red-of-tooth-and-claw","status":"publish","type":"product","link":"https:\/\/freshgarbage.fi\/en\/product\/murder-by-death-red-of-tooth-and-claw\/","title":{"rendered":"Murder By Death \u2013 Red Of Tooth And Claw"},"content":{"rendered":"","protected":false},"excerpt":{"rendered":"<ul>\n<li>Jonkin verran kevytt\u00e4 j\u00e4lke\u00e4. Puolen alussa hetken aikaa ylim\u00e4\u00e4r\u00e4isi\u00e4 suhahduksia, p\u00e4\u00e4asiassa soi hyvin.<\/li>\n<li>Sininen vinyyli.<\/li>\n<\/ul>\n","protected":false},"featured_media":20683,"template":"","meta":{"_acf_changed":false},"product_brand":[],"product_cat":[130],"product_tag":[],"class_list":{"0":"post-71542","1":"product","2":"type-product","3":"status-publish","4":"has-post-thumbnail","6":"product_cat-alternative-indie-rock","7":"pa_formaatti-lp-en","8":"pa_kaytetty-uusi-2nd-hand","10":"first","11":"instock","12":"shipping-taxable","13":"purchasable","14":"product-type-simple"},"acf":[],"_links":{"self":[{"href":"https:\/\/freshgarbage.fi\/en\/wp-json\/wp\/v2\/product\/71542","targetHints":{"allow":["GET"]}}],"collection":[{"href":"https:\/\/freshgarbage.fi\/en\/wp-json\/wp\/v2\/product"}],"about":[{"href":"https:\/\/freshgarbage.fi\/en\/wp-json\/wp\/v2\/types\/product"}],"wp:featuredmedia":[{"embeddable":true,"href":"https:\/\/freshgarbage.fi\/en\/wp-json\/wp\/v2\/media\/20683"}],"wp:attachment":[{"href":"https:\/\/freshgarbage.fi\/en\/wp-json\/wp\/v2\/media?parent=71542"}],"wp:term":[{"taxonomy":"product_brand","embeddable":true,"href":"https:\/\/freshgarbage.fi\/en\/wp-json\/wp\/v2\/product_brand?post=71542"},{"taxonomy":"product_cat","embeddable":true,"href":"https:\/\/freshgarbage.fi\/en\/wp-json\/wp\/v2\/product_cat?post=71542"},{"taxonomy":"product_tag","embeddable":true,"href":"https:\/\/freshgarbage.fi\/en\/wp-json\/wp\/v2\/product_tag?post=71542"}],"curies":[{"name":"wp","href":"https:\/\/api.w.org\/{rel}","templated":true}]}}