{"id":71518,"date":"2024-01-16T11:50:04","date_gmt":"2024-01-16T09:50:04","guid":{"rendered":"https:\/\/freshgarbage.fi\/tuote\/various-maailman-musiikkia-music-of-the-world\/"},"modified":"2024-01-16T11:50:04","modified_gmt":"2024-01-16T09:50:04","slug":"various-maailman-musiikkia-music-of-the-world","status":"publish","type":"product","link":"https:\/\/freshgarbage.fi\/en\/product\/various-maailman-musiikkia-music-of-the-world\/","title":{"rendered":"Various \u2013 Maailman Musiikkia = Music Of The World"},"content":{"rendered":"","protected":false},"excerpt":{"rendered":"<p>1. painos isolla Love-logolla. Levyss\u00e4 on jonkin verran j\u00e4lke\u00e4 ja soi satunnaisella r\u00e4tin\u00e4ll\u00e4\/rahinalla. Toki biisit ovat my\u00f6s vaihtelevanlaatuisista l\u00e4hteist\u00e4, joten osa rahinasta saattaa olla niiss\u00e4 jo valmiiksi. Kirjanen tallessa.<\/p>\n","protected":false},"featured_media":9544,"template":"","meta":{"_acf_changed":false},"product_brand":[],"product_cat":[137],"product_tag":[],"class_list":{"0":"post-71518","1":"product","2":"type-product","3":"status-publish","4":"has-post-thumbnail","6":"product_cat-world-music-traditional-ethnic-en","7":"pa_formaatti-lp-en","8":"pa_kaytetty-uusi-2nd-hand","10":"first","11":"instock","12":"shipping-taxable","13":"purchasable","14":"product-type-simple"},"acf":[],"_links":{"self":[{"href":"https:\/\/freshgarbage.fi\/en\/wp-json\/wp\/v2\/product\/71518","targetHints":{"allow":["GET"]}}],"collection":[{"href":"https:\/\/freshgarbage.fi\/en\/wp-json\/wp\/v2\/product"}],"about":[{"href":"https:\/\/freshgarbage.fi\/en\/wp-json\/wp\/v2\/types\/product"}],"wp:featuredmedia":[{"embeddable":true,"href":"https:\/\/freshgarbage.fi\/en\/wp-json\/wp\/v2\/media\/9544"}],"wp:attachment":[{"href":"https:\/\/freshgarbage.fi\/en\/wp-json\/wp\/v2\/media?parent=71518"}],"wp:term":[{"taxonomy":"product_brand","embeddable":true,"href":"https:\/\/freshgarbage.fi\/en\/wp-json\/wp\/v2\/product_brand?post=71518"},{"taxonomy":"product_cat","embeddable":true,"href":"https:\/\/freshgarbage.fi\/en\/wp-json\/wp\/v2\/product_cat?post=71518"},{"taxonomy":"product_tag","embeddable":true,"href":"https:\/\/freshgarbage.fi\/en\/wp-json\/wp\/v2\/product_tag?post=71518"}],"curies":[{"name":"wp","href":"https:\/\/api.w.org\/{rel}","templated":true}]}}