{"id":71503,"date":"2026-02-03T11:45:28","date_gmt":"2026-02-03T09:45:28","guid":{"rendered":"https:\/\/freshgarbage.fi\/tuote\/asa-blind-jaakko-gauriloff-nils-aslak-valkeapaa-de-cabba-niegut-runiidit\/"},"modified":"2026-02-03T11:47:17","modified_gmt":"2026-02-03T09:47:17","slug":"asa-blind-jaakko-gauriloff-nils-aslak-valkeapaa-de-cabba-niegut-runiidit","status":"publish","type":"product","link":"https:\/\/freshgarbage.fi\/en\/product\/asa-blind-jaakko-gauriloff-nils-aslak-valkeapaa-de-cabba-niegut-runiidit\/","title":{"rendered":"\u00c5sa Blind, Jaakko Gauriloff &#038; Nils-Aslak Valkeap\u00e4\u00e4 \u2013 De C\u00e1bba Niegut Runiidit"},"content":{"rendered":"","protected":false},"excerpt":{"rendered":"<p>Hienokuntoinen alkuper\u00e4inen ja ainoa painos.<\/p>\n<p>Levyyn kuuluvan liitteen lis\u00e4ksi mukana my\u00f6s levy-yhti\u00f6n promo-liite.<\/p>\n","protected":false},"featured_media":81299,"template":"","meta":{"_acf_changed":false},"product_brand":[],"product_cat":[],"product_tag":[],"class_list":{"0":"post-71503","1":"product","2":"type-product","3":"status-publish","4":"has-post-thumbnail","6":"pa_formaatti-lp-en","7":"pa_kaytetty-uusi-2nd-hand","9":"first","10":"instock","11":"shipping-taxable","12":"purchasable","13":"product-type-simple"},"acf":[],"_links":{"self":[{"href":"https:\/\/freshgarbage.fi\/en\/wp-json\/wp\/v2\/product\/71503","targetHints":{"allow":["GET"]}}],"collection":[{"href":"https:\/\/freshgarbage.fi\/en\/wp-json\/wp\/v2\/product"}],"about":[{"href":"https:\/\/freshgarbage.fi\/en\/wp-json\/wp\/v2\/types\/product"}],"wp:featuredmedia":[{"embeddable":true,"href":"https:\/\/freshgarbage.fi\/en\/wp-json\/wp\/v2\/media\/81299"}],"wp:attachment":[{"href":"https:\/\/freshgarbage.fi\/en\/wp-json\/wp\/v2\/media?parent=71503"}],"wp:term":[{"taxonomy":"product_brand","embeddable":true,"href":"https:\/\/freshgarbage.fi\/en\/wp-json\/wp\/v2\/product_brand?post=71503"},{"taxonomy":"product_cat","embeddable":true,"href":"https:\/\/freshgarbage.fi\/en\/wp-json\/wp\/v2\/product_cat?post=71503"},{"taxonomy":"product_tag","embeddable":true,"href":"https:\/\/freshgarbage.fi\/en\/wp-json\/wp\/v2\/product_tag?post=71503"}],"curies":[{"name":"wp","href":"https:\/\/api.w.org\/{rel}","templated":true}]}}