{"id":71441,"date":"2024-02-01T11:59:21","date_gmt":"2024-02-01T09:59:21","guid":{"rendered":"https:\/\/freshgarbage.fi\/tuote\/nkwerre-aborigines-union-nkwerre-aborigines-union\/"},"modified":"2024-02-01T11:59:21","modified_gmt":"2024-02-01T09:59:21","slug":"nkwerre-aborigines-union-nkwerre-aborigines-union","status":"publish","type":"product","link":"https:\/\/freshgarbage.fi\/en\/product\/nkwerre-aborigines-union-nkwerre-aborigines-union\/","title":{"rendered":"Nkwerre Aborigines Union \u2013 Nkwerre Aborigines Union"},"content":{"rendered":"","protected":false},"excerpt":{"rendered":"<p>Levyst\u00e4 ei l\u00f6ydy Discogsista tai muualta internetist\u00e4 mink\u00e4\u00e4n sortin tietoa, mutta sis\u00e4lt\u00f6 l\u00f6ytyy sent\u00e4\u00e4n Youtubesta:<\/p>\n<p><a href=\"https:\/\/www.youtube.com\/watch?v=ZvDwvv4Ykvc&amp;list=OLAK5uy_np-GWfGdHyZJy10ueeGiGN2ttvtcJkmac\"> Anyi Biara N&#8217;Elu Uwa Medley Part 1<\/a><br \/>\n<a href=\"https:\/\/www.youtube.com\/watch?v=k30oNCGZMe0&amp;list=OLAK5uy_np-GWfGdHyZJy10ueeGiGN2ttvtcJkmac&amp;index=2\">Anyi Biara N&#8217;Elu Uwa Medley Part 2<\/a><\/p>\n","protected":false},"featured_media":10757,"template":"","meta":{"_acf_changed":false},"product_brand":[],"product_cat":[137],"product_tag":[],"class_list":{"0":"post-71441","1":"product","2":"type-product","3":"status-publish","4":"has-post-thumbnail","6":"product_cat-world-music-traditional-ethnic-en","7":"pa_formaatti-lp-en","8":"pa_kaytetty-uusi-2nd-hand","10":"first","11":"instock","12":"shipping-taxable","13":"purchasable","14":"product-type-simple"},"acf":[],"_links":{"self":[{"href":"https:\/\/freshgarbage.fi\/en\/wp-json\/wp\/v2\/product\/71441","targetHints":{"allow":["GET"]}}],"collection":[{"href":"https:\/\/freshgarbage.fi\/en\/wp-json\/wp\/v2\/product"}],"about":[{"href":"https:\/\/freshgarbage.fi\/en\/wp-json\/wp\/v2\/types\/product"}],"wp:featuredmedia":[{"embeddable":true,"href":"https:\/\/freshgarbage.fi\/en\/wp-json\/wp\/v2\/media\/10757"}],"wp:attachment":[{"href":"https:\/\/freshgarbage.fi\/en\/wp-json\/wp\/v2\/media?parent=71441"}],"wp:term":[{"taxonomy":"product_brand","embeddable":true,"href":"https:\/\/freshgarbage.fi\/en\/wp-json\/wp\/v2\/product_brand?post=71441"},{"taxonomy":"product_cat","embeddable":true,"href":"https:\/\/freshgarbage.fi\/en\/wp-json\/wp\/v2\/product_cat?post=71441"},{"taxonomy":"product_tag","embeddable":true,"href":"https:\/\/freshgarbage.fi\/en\/wp-json\/wp\/v2\/product_tag?post=71441"}],"curies":[{"name":"wp","href":"https:\/\/api.w.org\/{rel}","templated":true}]}}