{"id":71426,"date":"2024-02-02T10:11:38","date_gmt":"2024-02-02T08:11:38","guid":{"rendered":"https:\/\/freshgarbage.fi\/tuote\/fela-and-the-africa-70-with-ginger-baker-why-black-man-dey-suffer\/"},"modified":"2026-02-21T10:06:24","modified_gmt":"2026-02-21T08:06:24","slug":"fela-and-the-africa-70-with-ginger-baker-why-black-man-dey-suffer","status":"publish","type":"product","link":"https:\/\/freshgarbage.fi\/en\/product\/fela-and-the-africa-70-with-ginger-baker-why-black-man-dey-suffer\/","title":{"rendered":"Fela And The Africa 70 with Ginger Baker \u2013 Why Black Man Dey Suffer"},"content":{"rendered":"","protected":false},"excerpt":{"rendered":"<p>L\u00e4pin\u00e4kyv\u00e4 keltainen levy.<\/p>\n","protected":false},"featured_media":10905,"template":"","meta":{"_acf_changed":false},"product_brand":[],"product_cat":[107,137],"product_tag":[],"class_list":{"0":"post-71426","1":"product","2":"type-product","3":"status-publish","4":"has-post-thumbnail","6":"product_cat-new","7":"product_cat-world-music-traditional-ethnic-en","8":"pa_formaatti-lp-en","9":"pa_kaytetty-uusi-new","11":"first","12":"outofstock","13":"taxable","14":"shipping-taxable","15":"purchasable","16":"product-type-simple"},"acf":[],"_links":{"self":[{"href":"https:\/\/freshgarbage.fi\/en\/wp-json\/wp\/v2\/product\/71426","targetHints":{"allow":["GET"]}}],"collection":[{"href":"https:\/\/freshgarbage.fi\/en\/wp-json\/wp\/v2\/product"}],"about":[{"href":"https:\/\/freshgarbage.fi\/en\/wp-json\/wp\/v2\/types\/product"}],"wp:featuredmedia":[{"embeddable":true,"href":"https:\/\/freshgarbage.fi\/en\/wp-json\/wp\/v2\/media\/10905"}],"wp:attachment":[{"href":"https:\/\/freshgarbage.fi\/en\/wp-json\/wp\/v2\/media?parent=71426"}],"wp:term":[{"taxonomy":"product_brand","embeddable":true,"href":"https:\/\/freshgarbage.fi\/en\/wp-json\/wp\/v2\/product_brand?post=71426"},{"taxonomy":"product_cat","embeddable":true,"href":"https:\/\/freshgarbage.fi\/en\/wp-json\/wp\/v2\/product_cat?post=71426"},{"taxonomy":"product_tag","embeddable":true,"href":"https:\/\/freshgarbage.fi\/en\/wp-json\/wp\/v2\/product_tag?post=71426"}],"curies":[{"name":"wp","href":"https:\/\/api.w.org\/{rel}","templated":true}]}}