{"id":71386,"date":"2024-03-11T12:27:50","date_gmt":"2024-03-11T10:27:50","guid":{"rendered":"https:\/\/freshgarbage.fi\/tuote\/abdel-kabirr-mother-land-dearest\/"},"modified":"2024-03-11T12:27:50","modified_gmt":"2024-03-11T10:27:50","slug":"abdel-kabirr-mother-land-dearest","status":"publish","type":"product","link":"https:\/\/freshgarbage.fi\/en\/product\/abdel-kabirr-mother-land-dearest\/","title":{"rendered":"Abdel Kabirr \u2013 Mother-Land Dearest"},"content":{"rendered":"","protected":false},"excerpt":{"rendered":"<p>Suomi-painos. Printtaamattomat valkoiset etiketit, joten lienee koepainos tai promo.<\/p>\n<p>Kansissa taitosta, yksi repe\u00e4m\u00e4 ja yleist\u00e4 nuhjua.<\/p>\n","protected":false},"featured_media":12849,"template":"","meta":{"_acf_changed":false},"product_brand":[],"product_cat":[132,137],"product_tag":[],"class_list":{"0":"post-71386","1":"product","2":"type-product","3":"status-publish","4":"has-post-thumbnail","6":"product_cat-soul-funk-disco-rnb-en","7":"product_cat-world-music-traditional-ethnic-en","8":"pa_formaatti-lp-en","9":"pa_kaytetty-uusi-2nd-hand","11":"first","12":"instock","13":"shipping-taxable","14":"purchasable","15":"product-type-simple"},"acf":[],"_links":{"self":[{"href":"https:\/\/freshgarbage.fi\/en\/wp-json\/wp\/v2\/product\/71386","targetHints":{"allow":["GET"]}}],"collection":[{"href":"https:\/\/freshgarbage.fi\/en\/wp-json\/wp\/v2\/product"}],"about":[{"href":"https:\/\/freshgarbage.fi\/en\/wp-json\/wp\/v2\/types\/product"}],"wp:featuredmedia":[{"embeddable":true,"href":"https:\/\/freshgarbage.fi\/en\/wp-json\/wp\/v2\/media\/12849"}],"wp:attachment":[{"href":"https:\/\/freshgarbage.fi\/en\/wp-json\/wp\/v2\/media?parent=71386"}],"wp:term":[{"taxonomy":"product_brand","embeddable":true,"href":"https:\/\/freshgarbage.fi\/en\/wp-json\/wp\/v2\/product_brand?post=71386"},{"taxonomy":"product_cat","embeddable":true,"href":"https:\/\/freshgarbage.fi\/en\/wp-json\/wp\/v2\/product_cat?post=71386"},{"taxonomy":"product_tag","embeddable":true,"href":"https:\/\/freshgarbage.fi\/en\/wp-json\/wp\/v2\/product_tag?post=71386"}],"curies":[{"name":"wp","href":"https:\/\/api.w.org\/{rel}","templated":true}]}}