{"id":71330,"date":"2025-08-01T15:00:56","date_gmt":"2025-08-01T12:00:56","guid":{"rendered":"https:\/\/freshgarbage.fi\/tuote\/1980-ad-lasipallo-pahvikallo\/"},"modified":"2025-08-01T15:00:56","modified_gmt":"2025-08-01T12:00:56","slug":"1980-ad-lasipallo-pahvikallo","status":"publish","type":"product","link":"https:\/\/freshgarbage.fi\/en\/product\/1980-ad-lasipallo-pahvikallo\/","title":{"rendered":"1980 AD \u2013 Lasipallo, pahvikallo"},"content":{"rendered":"","protected":false},"excerpt":{"rendered":"<p>1980 AD on tuore suomenkielinen yhtye, joka liikkuu folkin, rockin ja lofi-kitarapopin maailmoissa. Sen musiikissa folk-perinteen hauraat ja kauniit melodiat yhdistyv\u00e4t energisiin, meluisiin ja jopa riitasointuisiin \u00e4\u00e4nivalleihin.<br \/>\nLevyll\u00e4 soittavat Aki Pohjankyr\u00f6 (kitara, laulu), Rasmus Rantanen (rummut, taustalaulu), Kaarlo Stauffer (basso), Mikko Sulonen (kitara) sek\u00e4 Gretel Kivioja (taustalaulu).<\/p>\n<p>Jos vaikkapa Liekki-yhtye kanavoi jonkinlaisen hippiauringon valoa, tuijottaa 1980 AD kohti mustaa aurinkoa tai v\u00e4hint\u00e4\u00e4nkin tuntee sen pime\u00e4n kajon ja vetovoiman.<\/p>\n<p>Muita vertailukohtia etsiess\u00e4 musiikissa voi kuulla kaikuja post-punkin ja folkrockin klassikoista, mutta my\u00f6s kansainv\u00e4lisest\u00e4 uuspsykedeliasta \u2013 esimerkkein\u00e4 mm. Aldous Harding ja Cass McCombs \u2013 ja sen ilmaisukeinojen vapauttavasta monimuotoisuudesta.<\/p>\n<p>Rajoitettu vinyylipainos, l\u00e4pin\u00e4kyv\u00e4ll\u00e4 vinyylill\u00e4!<\/p>\n<p>1. Hyvink\u00e4\u00e4 (Kaikki v\u00e4syneet hevoset) 3:29<br \/>\n2. Rotta 3:46<br \/>\n3. Pahvikallo 3:00<br \/>\n4. Mik\u00e4 vie sen pois 3:55<br \/>\n5. Sanojen v\u00e4liss\u00e4 3:09<br \/>\n6. Oodi haudalle 3:35<br \/>\n7. Kolmas uni auringosta 3:12<br \/>\n8. Noita 3:49<\/p>\n","protected":false},"featured_media":33774,"template":"","meta":{"_acf_changed":false},"product_brand":[],"product_cat":[120,107],"product_tag":[],"class_list":{"0":"post-71330","1":"product","2":"type-product","3":"status-publish","4":"has-post-thumbnail","6":"product_cat-finnish","7":"product_cat-new","8":"pa_formaatti-lp-en","9":"pa_kaytetty-uusi-new","11":"first","12":"instock","13":"taxable","14":"shipping-taxable","15":"purchasable","16":"product-type-simple"},"acf":[],"_links":{"self":[{"href":"https:\/\/freshgarbage.fi\/en\/wp-json\/wp\/v2\/product\/71330","targetHints":{"allow":["GET"]}}],"collection":[{"href":"https:\/\/freshgarbage.fi\/en\/wp-json\/wp\/v2\/product"}],"about":[{"href":"https:\/\/freshgarbage.fi\/en\/wp-json\/wp\/v2\/types\/product"}],"wp:featuredmedia":[{"embeddable":true,"href":"https:\/\/freshgarbage.fi\/en\/wp-json\/wp\/v2\/media\/33774"}],"wp:attachment":[{"href":"https:\/\/freshgarbage.fi\/en\/wp-json\/wp\/v2\/media?parent=71330"}],"wp:term":[{"taxonomy":"product_brand","embeddable":true,"href":"https:\/\/freshgarbage.fi\/en\/wp-json\/wp\/v2\/product_brand?post=71330"},{"taxonomy":"product_cat","embeddable":true,"href":"https:\/\/freshgarbage.fi\/en\/wp-json\/wp\/v2\/product_cat?post=71330"},{"taxonomy":"product_tag","embeddable":true,"href":"https:\/\/freshgarbage.fi\/en\/wp-json\/wp\/v2\/product_tag?post=71330"}],"curies":[{"name":"wp","href":"https:\/\/api.w.org\/{rel}","templated":true}]}}