{"id":71301,"date":"2024-02-07T11:59:38","date_gmt":"2024-02-07T09:59:38","guid":{"rendered":"https:\/\/freshgarbage.fi\/tuote\/earth-earth-2-special-low-quantity-version\/"},"modified":"2024-02-07T11:59:38","modified_gmt":"2024-02-07T09:59:38","slug":"earth-earth-2-special-low-quantity-version","status":"publish","type":"product","link":"https:\/\/freshgarbage.fi\/en\/product\/earth-earth-2-special-low-quantity-version\/","title":{"rendered":"Earth \u2013 Earth 2: Special Low Quantity Version"},"content":{"rendered":"","protected":false},"excerpt":{"rendered":"<p>3xLP. White label.<\/p>\n<p>There were 333 copies pressed:<br \/>\n183 copies came with the stickers centered normally on the front cover. &lt;- t\u00e4m\u00e4 versio kyseess\u00e4.<br \/>\n150 copies have the stickers covering the opening of the sleeve, so you&#8217;d have to cut the sticker in order to gain access to the LP&#8217;s.<\/p>\n<p>Despite there being an area on the back sleeve to individually number each sleeve, none of these were ever numbered.<\/p>\n<p>Printed on the back cover is this:<br \/>\n&#8220;This special edition available exclusively on the Earth\/Null tour of November 2003 in a limited edition of hand screened sets. Under exclusive license from Sub Pop records&#8221;<\/p>\n","protected":false},"featured_media":11191,"template":"","meta":{"_acf_changed":false},"product_brand":[],"product_cat":[134],"product_tag":[],"class_list":{"0":"post-71301","1":"product","2":"type-product","3":"status-publish","4":"has-post-thumbnail","6":"product_cat-stoner-doom-en","7":"pa_formaatti-lp-en","8":"pa_kaytetty-uusi-2nd-hand","10":"first","11":"instock","12":"shipping-taxable","13":"purchasable","14":"product-type-simple"},"acf":[],"_links":{"self":[{"href":"https:\/\/freshgarbage.fi\/en\/wp-json\/wp\/v2\/product\/71301","targetHints":{"allow":["GET"]}}],"collection":[{"href":"https:\/\/freshgarbage.fi\/en\/wp-json\/wp\/v2\/product"}],"about":[{"href":"https:\/\/freshgarbage.fi\/en\/wp-json\/wp\/v2\/types\/product"}],"wp:featuredmedia":[{"embeddable":true,"href":"https:\/\/freshgarbage.fi\/en\/wp-json\/wp\/v2\/media\/11191"}],"wp:attachment":[{"href":"https:\/\/freshgarbage.fi\/en\/wp-json\/wp\/v2\/media?parent=71301"}],"wp:term":[{"taxonomy":"product_brand","embeddable":true,"href":"https:\/\/freshgarbage.fi\/en\/wp-json\/wp\/v2\/product_brand?post=71301"},{"taxonomy":"product_cat","embeddable":true,"href":"https:\/\/freshgarbage.fi\/en\/wp-json\/wp\/v2\/product_cat?post=71301"},{"taxonomy":"product_tag","embeddable":true,"href":"https:\/\/freshgarbage.fi\/en\/wp-json\/wp\/v2\/product_tag?post=71301"}],"curies":[{"name":"wp","href":"https:\/\/api.w.org\/{rel}","templated":true}]}}