{"id":71263,"date":"2026-01-29T11:45:49","date_gmt":"2026-01-29T09:45:49","guid":{"rendered":"https:\/\/freshgarbage.fi\/tuote\/jarmo-seppala-jorma-seppala-seikkailijat-2-seppalaa\/"},"modified":"2026-03-28T23:38:07","modified_gmt":"2026-03-28T21:38:07","slug":"jarmo-seppala-jorma-seppala-seikkailijat-2-seppalaa","status":"publish","type":"product","link":"https:\/\/freshgarbage.fi\/en\/product\/jarmo-seppala-jorma-seppala-seikkailijat-2-seppalaa\/","title":{"rendered":"Jarmo Sepp\u00e4l\u00e4 \/ Jorma Sepp\u00e4l\u00e4 &#038; Seikkailijat \u2013 2 Sepp\u00e4l\u00e4\u00e4"},"content":{"rendered":"","protected":false},"excerpt":{"rendered":"<p>Alkuper\u00e4inen ja ainoa painos.<\/p>\n<p>Kannessa hieman taittumaa, yleist\u00e4 kulumaa.<\/p>\n","protected":false},"featured_media":77965,"template":"","meta":{"_acf_changed":false},"product_brand":[],"product_cat":[120,132],"product_tag":[],"class_list":{"0":"post-71263","1":"product","2":"type-product","3":"status-publish","4":"has-post-thumbnail","6":"product_cat-finnish","7":"product_cat-soul-funk-disco-rnb-en","8":"pa_formaatti-lp-en","9":"pa_kaytetty-uusi-2nd-hand","11":"first","12":"instock","13":"shipping-taxable","14":"purchasable","15":"product-type-simple"},"acf":[],"_links":{"self":[{"href":"https:\/\/freshgarbage.fi\/en\/wp-json\/wp\/v2\/product\/71263","targetHints":{"allow":["GET"]}}],"collection":[{"href":"https:\/\/freshgarbage.fi\/en\/wp-json\/wp\/v2\/product"}],"about":[{"href":"https:\/\/freshgarbage.fi\/en\/wp-json\/wp\/v2\/types\/product"}],"wp:featuredmedia":[{"embeddable":true,"href":"https:\/\/freshgarbage.fi\/en\/wp-json\/wp\/v2\/media\/77965"}],"wp:attachment":[{"href":"https:\/\/freshgarbage.fi\/en\/wp-json\/wp\/v2\/media?parent=71263"}],"wp:term":[{"taxonomy":"product_brand","embeddable":true,"href":"https:\/\/freshgarbage.fi\/en\/wp-json\/wp\/v2\/product_brand?post=71263"},{"taxonomy":"product_cat","embeddable":true,"href":"https:\/\/freshgarbage.fi\/en\/wp-json\/wp\/v2\/product_cat?post=71263"},{"taxonomy":"product_tag","embeddable":true,"href":"https:\/\/freshgarbage.fi\/en\/wp-json\/wp\/v2\/product_tag?post=71263"}],"curies":[{"name":"wp","href":"https:\/\/api.w.org\/{rel}","templated":true}]}}