{"id":71247,"date":"2024-03-27T11:30:15","date_gmt":"2024-03-27T09:30:15","guid":{"rendered":"https:\/\/freshgarbage.fi\/tuote\/landskap-ii\/"},"modified":"2024-03-27T11:30:15","modified_gmt":"2024-03-27T09:30:15","slug":"landskap-ii","status":"publish","type":"product","link":"https:\/\/freshgarbage.fi\/en\/product\/landskap-ii\/","title":{"rendered":"Landskap \u2013 II"},"content":{"rendered":"","protected":false},"excerpt":{"rendered":"<p>Gatefold cover with label company inner sleeve. Pressing of 300 copies in Black vinyl.<br \/>\nFirst pressing was wrong (master was at 48000 hz not 44.100 and songs slowed down) however some copies probably still circulating.<\/p>\n<p>T\u00e4m\u00e4 kyseinen yksil\u00f6 on n\u00e4hd\u00e4ksemme juuri tuota yll\u00e4 mainittua virhepainosta. Eroa on vaikea huomata ellei tee vertailua oikealla nopeudella py\u00f6riv\u00e4\u00e4n. Luultavasti tuon pienen eronkin pystyy tarvittaessa korjaamaan jos levysoittimesta l\u00f6ytyy pitch-s\u00e4\u00e4din.<\/p>\n","protected":false},"featured_media":14032,"template":"","meta":{"_acf_changed":false},"product_brand":[],"product_cat":[134],"product_tag":[],"class_list":{"0":"post-71247","1":"product","2":"type-product","3":"status-publish","4":"has-post-thumbnail","6":"product_cat-stoner-doom-en","7":"pa_formaatti-lp-en","8":"pa_kaytetty-uusi-2nd-hand","10":"first","11":"instock","12":"shipping-taxable","13":"purchasable","14":"product-type-simple"},"acf":[],"_links":{"self":[{"href":"https:\/\/freshgarbage.fi\/en\/wp-json\/wp\/v2\/product\/71247","targetHints":{"allow":["GET"]}}],"collection":[{"href":"https:\/\/freshgarbage.fi\/en\/wp-json\/wp\/v2\/product"}],"about":[{"href":"https:\/\/freshgarbage.fi\/en\/wp-json\/wp\/v2\/types\/product"}],"wp:featuredmedia":[{"embeddable":true,"href":"https:\/\/freshgarbage.fi\/en\/wp-json\/wp\/v2\/media\/14032"}],"wp:attachment":[{"href":"https:\/\/freshgarbage.fi\/en\/wp-json\/wp\/v2\/media?parent=71247"}],"wp:term":[{"taxonomy":"product_brand","embeddable":true,"href":"https:\/\/freshgarbage.fi\/en\/wp-json\/wp\/v2\/product_brand?post=71247"},{"taxonomy":"product_cat","embeddable":true,"href":"https:\/\/freshgarbage.fi\/en\/wp-json\/wp\/v2\/product_cat?post=71247"},{"taxonomy":"product_tag","embeddable":true,"href":"https:\/\/freshgarbage.fi\/en\/wp-json\/wp\/v2\/product_tag?post=71247"}],"curies":[{"name":"wp","href":"https:\/\/api.w.org\/{rel}","templated":true}]}}