{"id":71127,"date":"2025-02-10T13:00:22","date_gmt":"2025-02-10T11:00:22","guid":{"rendered":"https:\/\/freshgarbage.fi\/tuote\/michael-kiwanuka-home-again\/"},"modified":"2025-02-10T13:00:22","modified_gmt":"2025-02-10T11:00:22","slug":"michael-kiwanuka-home-again","status":"publish","type":"product","link":"https:\/\/freshgarbage.fi\/en\/product\/michael-kiwanuka-home-again\/","title":{"rendered":"Michael Kiwanuka \u2013 Home Again"},"content":{"rendered":"","protected":false},"excerpt":{"rendered":"<p>Michael Kiwanukan upea debyyttialbumi. Rajoitettu uusintapainos vihre\u00e4ll\u00e4 levyll\u00e4.<\/p>\n<p>A1 Tell Me A Tale 4:09<br \/>\nA2 I&#8217;m Getting Ready 2:21<br \/>\nA3 I&#8217;ll Get Along 3:26<br \/>\nA4 Rest 3:50<br \/>\nA5 Home Again 3:29<br \/>\nB1 Bones 3:45<br \/>\nB2 Always Waiting 4:30<br \/>\nB3 I Won&#8217;t Lie 4:01<br \/>\nB4 Any Day Will Do Fine 3:37<br \/>\nB5 Worry Walks Beside Me 4:57<\/p>\n","protected":false},"featured_media":26315,"template":"","meta":{"_acf_changed":false},"product_brand":[],"product_cat":[107,132],"product_tag":[],"class_list":{"0":"post-71127","1":"product","2":"type-product","3":"status-publish","4":"has-post-thumbnail","6":"product_cat-new","7":"product_cat-soul-funk-disco-rnb-en","8":"pa_formaatti-lp-en","9":"pa_kaytetty-uusi-new","11":"first","12":"instock","13":"taxable","14":"shipping-taxable","15":"purchasable","16":"product-type-simple"},"acf":[],"_links":{"self":[{"href":"https:\/\/freshgarbage.fi\/en\/wp-json\/wp\/v2\/product\/71127","targetHints":{"allow":["GET"]}}],"collection":[{"href":"https:\/\/freshgarbage.fi\/en\/wp-json\/wp\/v2\/product"}],"about":[{"href":"https:\/\/freshgarbage.fi\/en\/wp-json\/wp\/v2\/types\/product"}],"wp:featuredmedia":[{"embeddable":true,"href":"https:\/\/freshgarbage.fi\/en\/wp-json\/wp\/v2\/media\/26315"}],"wp:attachment":[{"href":"https:\/\/freshgarbage.fi\/en\/wp-json\/wp\/v2\/media?parent=71127"}],"wp:term":[{"taxonomy":"product_brand","embeddable":true,"href":"https:\/\/freshgarbage.fi\/en\/wp-json\/wp\/v2\/product_brand?post=71127"},{"taxonomy":"product_cat","embeddable":true,"href":"https:\/\/freshgarbage.fi\/en\/wp-json\/wp\/v2\/product_cat?post=71127"},{"taxonomy":"product_tag","embeddable":true,"href":"https:\/\/freshgarbage.fi\/en\/wp-json\/wp\/v2\/product_tag?post=71127"}],"curies":[{"name":"wp","href":"https:\/\/api.w.org\/{rel}","templated":true}]}}