{"id":71120,"date":"2023-10-12T14:23:34","date_gmt":"2023-10-12T11:23:34","guid":{"rendered":"https:\/\/freshgarbage.fi\/tuote\/monty-python-the-monty-python-instant-record-collection\/"},"modified":"2023-10-12T14:23:34","modified_gmt":"2023-10-12T11:23:34","slug":"monty-python-the-monty-python-instant-record-collection","status":"publish","type":"product","link":"https:\/\/freshgarbage.fi\/en\/product\/monty-python-the-monty-python-instant-record-collection\/","title":{"rendered":"Monty Python \u2013 The Monty Python Instant Record Collection"},"content":{"rendered":"","protected":false},"excerpt":{"rendered":"<ul>\n<li>1. UK-painos laatikoksi avautuvalla kannella<\/li>\n<li>Kannen kulmissa kulumaa<\/li>\n<li>Kevytt\u00e4 j\u00e4lke\u00e4, jonkin verran kevytt\u00e4 rapsetta<\/li>\n<li>Ei alkuper\u00e4ist\u00e4 sis\u00e4pussia<\/li>\n<\/ul>\n","protected":false},"featured_media":2626,"template":"","meta":{"_acf_changed":false},"product_brand":[],"product_cat":[133],"product_tag":[],"class_list":{"0":"post-71120","1":"product","2":"type-product","3":"status-publish","4":"has-post-thumbnail","6":"product_cat-soundtracks-en","7":"pa_formaatti-lp-en","8":"pa_kaytetty-uusi-2nd-hand","10":"first","11":"outofstock","12":"shipping-taxable","13":"purchasable","14":"product-type-simple"},"acf":[],"_links":{"self":[{"href":"https:\/\/freshgarbage.fi\/en\/wp-json\/wp\/v2\/product\/71120","targetHints":{"allow":["GET"]}}],"collection":[{"href":"https:\/\/freshgarbage.fi\/en\/wp-json\/wp\/v2\/product"}],"about":[{"href":"https:\/\/freshgarbage.fi\/en\/wp-json\/wp\/v2\/types\/product"}],"wp:featuredmedia":[{"embeddable":true,"href":"https:\/\/freshgarbage.fi\/en\/wp-json\/wp\/v2\/media\/2626"}],"wp:attachment":[{"href":"https:\/\/freshgarbage.fi\/en\/wp-json\/wp\/v2\/media?parent=71120"}],"wp:term":[{"taxonomy":"product_brand","embeddable":true,"href":"https:\/\/freshgarbage.fi\/en\/wp-json\/wp\/v2\/product_brand?post=71120"},{"taxonomy":"product_cat","embeddable":true,"href":"https:\/\/freshgarbage.fi\/en\/wp-json\/wp\/v2\/product_cat?post=71120"},{"taxonomy":"product_tag","embeddable":true,"href":"https:\/\/freshgarbage.fi\/en\/wp-json\/wp\/v2\/product_tag?post=71120"}],"curies":[{"name":"wp","href":"https:\/\/api.w.org\/{rel}","templated":true}]}}