{"id":71098,"date":"2025-02-24T11:30:43","date_gmt":"2025-02-24T09:30:43","guid":{"rendered":"https:\/\/freshgarbage.fi\/tuote\/calypso-king-the-soul-investigators-soul-strike\/"},"modified":"2025-02-24T11:30:43","modified_gmt":"2025-02-24T09:30:43","slug":"calypso-king-the-soul-investigators-soul-strike","status":"publish","type":"product","link":"https:\/\/freshgarbage.fi\/en\/product\/calypso-king-the-soul-investigators-soul-strike\/","title":{"rendered":"Calypso King &#038; The Soul Investigators \u2013 Soul Strike!"},"content":{"rendered":"","protected":false},"excerpt":{"rendered":"<p>Alkuper\u00e4inen koepainos\/promo.<\/p>\n<p>Levyss\u00e4 printtaamattomat valkoiset etiketit. Mukana tulee geneerinen kansi, mutta my\u00f6s ylim\u00e4\u00e4r\u00e4ist\u00e4 promo-s\u00e4l\u00e4\u00e4. Muun muassa pari flyeria ja valokuvaa. Lis\u00e4ksi tulostettu kansivedos.<\/p>\n","protected":false},"featured_media":30553,"template":"","meta":{"_acf_changed":false},"product_brand":[],"product_cat":[120,132],"product_tag":[],"class_list":{"0":"post-71098","1":"product","2":"type-product","3":"status-publish","4":"has-post-thumbnail","6":"product_cat-finnish","7":"product_cat-soul-funk-disco-rnb-en","8":"pa_formaatti-lp-en","9":"pa_kaytetty-uusi-2nd-hand","11":"first","12":"instock","13":"shipping-taxable","14":"purchasable","15":"product-type-simple"},"acf":[],"_links":{"self":[{"href":"https:\/\/freshgarbage.fi\/en\/wp-json\/wp\/v2\/product\/71098","targetHints":{"allow":["GET"]}}],"collection":[{"href":"https:\/\/freshgarbage.fi\/en\/wp-json\/wp\/v2\/product"}],"about":[{"href":"https:\/\/freshgarbage.fi\/en\/wp-json\/wp\/v2\/types\/product"}],"wp:featuredmedia":[{"embeddable":true,"href":"https:\/\/freshgarbage.fi\/en\/wp-json\/wp\/v2\/media\/30553"}],"wp:attachment":[{"href":"https:\/\/freshgarbage.fi\/en\/wp-json\/wp\/v2\/media?parent=71098"}],"wp:term":[{"taxonomy":"product_brand","embeddable":true,"href":"https:\/\/freshgarbage.fi\/en\/wp-json\/wp\/v2\/product_brand?post=71098"},{"taxonomy":"product_cat","embeddable":true,"href":"https:\/\/freshgarbage.fi\/en\/wp-json\/wp\/v2\/product_cat?post=71098"},{"taxonomy":"product_tag","embeddable":true,"href":"https:\/\/freshgarbage.fi\/en\/wp-json\/wp\/v2\/product_tag?post=71098"}],"curies":[{"name":"wp","href":"https:\/\/api.w.org\/{rel}","templated":true}]}}