{"id":71053,"date":"2025-09-25T11:41:52","date_gmt":"2025-09-25T08:41:52","guid":{"rendered":"https:\/\/freshgarbage.fi\/tuote\/magnus-carlson-den-langa-vagen-hem\/"},"modified":"2025-09-25T11:41:52","modified_gmt":"2025-09-25T08:41:52","slug":"magnus-carlson-den-langa-vagen-hem","status":"publish","type":"product","link":"https:\/\/freshgarbage.fi\/en\/product\/magnus-carlson-den-langa-vagen-hem\/","title":{"rendered":"Magnus Carlson \u2013 Den L\u00e5nga V\u00e4gen Hem"},"content":{"rendered":"","protected":false},"excerpt":{"rendered":"<p>Alkuper\u00e4inen painos. Jonkin verran kevytt\u00e4 sis\u00e4pussij\u00e4lke\u00e4\/-hankaumaa.<\/p>\n","protected":false},"featured_media":55589,"template":"","meta":{"_acf_changed":false},"product_brand":[],"product_cat":[116],"product_tag":[],"class_list":{"0":"post-71053","1":"product","2":"type-product","3":"status-publish","4":"has-post-thumbnail","6":"product_cat-rock-pop-en","7":"pa_formaatti-lp-en","8":"pa_kaytetty-uusi-2nd-hand","10":"first","11":"instock","12":"shipping-taxable","13":"purchasable","14":"product-type-simple"},"acf":[],"_links":{"self":[{"href":"https:\/\/freshgarbage.fi\/en\/wp-json\/wp\/v2\/product\/71053","targetHints":{"allow":["GET"]}}],"collection":[{"href":"https:\/\/freshgarbage.fi\/en\/wp-json\/wp\/v2\/product"}],"about":[{"href":"https:\/\/freshgarbage.fi\/en\/wp-json\/wp\/v2\/types\/product"}],"wp:featuredmedia":[{"embeddable":true,"href":"https:\/\/freshgarbage.fi\/en\/wp-json\/wp\/v2\/media\/55589"}],"wp:attachment":[{"href":"https:\/\/freshgarbage.fi\/en\/wp-json\/wp\/v2\/media?parent=71053"}],"wp:term":[{"taxonomy":"product_brand","embeddable":true,"href":"https:\/\/freshgarbage.fi\/en\/wp-json\/wp\/v2\/product_brand?post=71053"},{"taxonomy":"product_cat","embeddable":true,"href":"https:\/\/freshgarbage.fi\/en\/wp-json\/wp\/v2\/product_cat?post=71053"},{"taxonomy":"product_tag","embeddable":true,"href":"https:\/\/freshgarbage.fi\/en\/wp-json\/wp\/v2\/product_tag?post=71053"}],"curies":[{"name":"wp","href":"https:\/\/api.w.org\/{rel}","templated":true}]}}