{"id":71035,"date":"2025-09-25T11:42:21","date_gmt":"2025-09-25T08:42:21","guid":{"rendered":"https:\/\/freshgarbage.fi\/tuote\/crb-phosphorescent-harvest\/"},"modified":"2025-09-25T11:42:21","modified_gmt":"2025-09-25T08:42:21","slug":"crb-phosphorescent-harvest","status":"publish","type":"product","link":"https:\/\/freshgarbage.fi\/en\/product\/crb-phosphorescent-harvest\/","title":{"rendered":"CRB \u2013 Phosphorescent Harvest"},"content":{"rendered":"","protected":false},"excerpt":{"rendered":"<p>2LP+7&#8243;. V\u00e4rilevyt. Ensimm\u00e4inen painos. Ensimm\u00e4inen painos oli pr\u00e4ssivikainen ja se on t\u00e4m\u00e4. Kevyit\u00e4 h\u00e4iri\u00f6\u00e4\u00e4ni\u00e4 havaittavissa. Levyt siis n\u00e4ytt\u00e4v\u00e4t hyvilt\u00e4 (EX), mutta koko painos oli viallinen alunperinkin.<\/p>\n<p>&nbsp;<\/p>\n<p>&nbsp;<\/p>\n","protected":false},"featured_media":55567,"template":"","meta":{"_acf_changed":false},"product_brand":[],"product_cat":[116],"product_tag":[],"class_list":{"0":"post-71035","1":"product","2":"type-product","3":"status-publish","4":"has-post-thumbnail","6":"product_cat-rock-pop-en","7":"pa_formaatti-lp-en","8":"pa_kaytetty-uusi-2nd-hand","10":"first","11":"instock","12":"shipping-taxable","13":"purchasable","14":"product-type-simple"},"acf":[],"_links":{"self":[{"href":"https:\/\/freshgarbage.fi\/en\/wp-json\/wp\/v2\/product\/71035","targetHints":{"allow":["GET"]}}],"collection":[{"href":"https:\/\/freshgarbage.fi\/en\/wp-json\/wp\/v2\/product"}],"about":[{"href":"https:\/\/freshgarbage.fi\/en\/wp-json\/wp\/v2\/types\/product"}],"wp:featuredmedia":[{"embeddable":true,"href":"https:\/\/freshgarbage.fi\/en\/wp-json\/wp\/v2\/media\/55567"}],"wp:attachment":[{"href":"https:\/\/freshgarbage.fi\/en\/wp-json\/wp\/v2\/media?parent=71035"}],"wp:term":[{"taxonomy":"product_brand","embeddable":true,"href":"https:\/\/freshgarbage.fi\/en\/wp-json\/wp\/v2\/product_brand?post=71035"},{"taxonomy":"product_cat","embeddable":true,"href":"https:\/\/freshgarbage.fi\/en\/wp-json\/wp\/v2\/product_cat?post=71035"},{"taxonomy":"product_tag","embeddable":true,"href":"https:\/\/freshgarbage.fi\/en\/wp-json\/wp\/v2\/product_tag?post=71035"}],"curies":[{"name":"wp","href":"https:\/\/api.w.org\/{rel}","templated":true}]}}